{"id":2733,"date":"2025-05-24T12:44:03","date_gmt":"2025-05-24T10:44:03","guid":{"rendered":"https:\/\/www.homepure.de\/chi-siamo\/"},"modified":"2025-06-15T13:19:48","modified_gmt":"2025-06-15T11:19:48","slug":"chi-siamo","status":"publish","type":"page","link":"https:\/\/www.homepure.de\/it\/chi-siamo\/","title":{"rendered":"Chi siamo"},"content":{"rendered":"\t\t<div data-elementor-type=\"wp-page\" data-elementor-id=\"2733\" class=\"elementor elementor-2733 elementor-22\" data-elementor-post-type=\"page\">\n\t\t\t\t<div class=\"elementor-element elementor-element-12b6088 e-flex e-con-boxed e-con e-parent\" data-id=\"12b6088\" data-element_type=\"container\" data-e-type=\"container\" data-settings=\"{&quot;background_background&quot;:&quot;classic&quot;}\">\n\t\t\t\t\t<div class=\"e-con-inner\">\n\t\t\t\t<div class=\"elementor-element elementor-element-818c4e4 elementor-widget elementor-widget-spacer\" data-id=\"818c4e4\" data-element_type=\"widget\" data-e-type=\"widget\" data-widget_type=\"spacer.default\">\n\t\t\t\t\t\t\t<div class=\"elementor-spacer\">\n\t\t\t<div class=\"elementor-spacer-inner\"><\/div>\n\t\t<\/div>\n\t\t\t\t\t\t<\/div>\n\t\t\t\t\t<\/div>\n\t\t\t\t<\/div>\n\t\t<div class=\"elementor-element elementor-element-5e2ab40 e-flex e-con-boxed e-con e-parent\" data-id=\"5e2ab40\" data-element_type=\"container\" data-e-type=\"container\" data-settings=\"{&quot;background_background&quot;:&quot;classic&quot;}\">\n\t\t\t\t\t<div class=\"e-con-inner\">\n\t\t<div class=\"elementor-element elementor-element-4a68711 e-grid e-con-boxed e-con e-child\" data-id=\"4a68711\" data-element_type=\"container\" data-e-type=\"container\">\n\t\t\t\t\t<div class=\"e-con-inner\">\n\t\t<div class=\"elementor-element elementor-element-f0e85d4 e-con-full animated-fast e-flex elementor-invisible e-con e-child\" data-id=\"f0e85d4\" data-element_type=\"container\" data-e-type=\"container\" data-settings=\"{&quot;animation&quot;:&quot;fadeIn&quot;,&quot;animation_delay&quot;:500,&quot;animation_tablet&quot;:&quot;none&quot;}\">\n\t\t\t\t<div class=\"elementor-element elementor-element-393d3b4 elementor-widget__width-initial elementor-widget-mobile__width-inherit elementor-widget-tablet__width-inherit elementor-widget elementor-widget-heading\" data-id=\"393d3b4\" data-element_type=\"widget\" data-e-type=\"widget\" data-widget_type=\"heading.default\">\n\t\t\t\t\t<h1 class=\"elementor-heading-title elementor-size-default\">Homepure \u00e8 un marchio di QN Europe.<\/h1>\t\t\t\t<\/div>\n\t\t\t\t<div class=\"elementor-element elementor-element-e518df5 elementor-widget__width-initial elementor-widget elementor-widget-text-editor\" data-id=\"e518df5\" data-element_type=\"widget\" data-e-type=\"widget\" data-widget_type=\"text-editor.default\">\n\t\t\t\t\t\t\t\t\t<p>QN Europe \u00e8 una giovane azienda fondata nel 2014 e da allora in continua crescita nel mercato europeo. La nostra missione \u00e8 offrire a persone ambiziose un&#8217;opportunit\u00e0 realistica di costruirsi un sostentamento attraverso la distribuzione dei nostri prodotti. Oltre a una formazione unica, offriamo un ampio portafoglio di prodotti di alta qualit\u00e0, gi\u00e0 lanciati con successo e destinati a migliorare la qualit\u00e0 della vita:<\/p>\t\t\t\t\t\t\t\t<\/div>\n\t\t\t\t<\/div>\n\t\t<div class=\"elementor-element elementor-element-d458270 e-grid e-con-full e-con e-child\" data-id=\"d458270\" data-element_type=\"container\" data-e-type=\"container\">\n\t\t<div class=\"elementor-element elementor-element-192882e e-grid e-con-full animated-fast elementor-invisible e-con e-child\" data-id=\"192882e\" data-element_type=\"container\" data-e-type=\"container\" data-settings=\"{&quot;animation&quot;:&quot;fadeIn&quot;,&quot;animation_delay&quot;:750,&quot;animation_tablet&quot;:&quot;none&quot;}\">\n\t\t<div class=\"elementor-element elementor-element-ce53930 e-con-full e-flex e-con e-child\" data-id=\"ce53930\" data-element_type=\"container\" data-e-type=\"container\">\n\t\t\t\t<div class=\"elementor-element elementor-element-ca07ef4 elementor-widget elementor-widget-image\" data-id=\"ca07ef4\" data-element_type=\"widget\" data-e-type=\"widget\" data-widget_type=\"image.default\">\n\t\t\t\t\t\t\t\t\t\t\t\t\t\t\t<img fetchpriority=\"high\" decoding=\"async\" width=\"500\" height=\"358\" src=\"https:\/\/www.homepure.de\/wp-content\/uploads\/uberuns7.webp\" class=\"attachment-full size-full wp-image-3032\" alt=\"Home Pure\" srcset=\"https:\/\/www.homepure.de\/wp-content\/uploads\/uberuns7.webp 500w, https:\/\/www.homepure.de\/wp-content\/uploads\/uberuns7-300x215.webp 300w\" sizes=\"(max-width: 500px) 100vw, 500px\" \/>\t\t\t\t\t\t\t\t\t\t\t\t\t\t\t<\/div>\n\t\t\t\t<div class=\"elementor-element elementor-element-85d2c59 elementor-widget elementor-widget-icon-box\" data-id=\"85d2c59\" data-element_type=\"widget\" data-e-type=\"widget\" data-widget_type=\"icon-box.default\">\n\t\t\t\t\t\t\t<div class=\"elementor-icon-box-wrapper\">\n\n\t\t\t\n\t\t\t\t\t\t<div class=\"elementor-icon-box-content\">\n\n\t\t\t\t\t\t\t\t\t<h2 class=\"elementor-icon-box-title\">\n\t\t\t\t\t\t<a href=\"https:\/\/www.homepure.com\/\" target=\"_blank\" >\n\t\t\t\t\t\t\tHome Pure\t\t\t\t\t\t<\/a>\n\t\t\t\t\t<\/h2>\n\t\t\t\t\n\t\t\t\t\n\t\t\t<\/div>\n\t\t\t\n\t\t<\/div>\n\t\t\t\t\t\t<\/div>\n\t\t\t\t<\/div>\n\t\t<div class=\"elementor-element elementor-element-244653a e-con-full e-flex e-con e-child\" data-id=\"244653a\" data-element_type=\"container\" data-e-type=\"container\">\n\t\t\t\t<div class=\"elementor-element elementor-element-cf1eb5f elementor-widget elementor-widget-image\" data-id=\"cf1eb5f\" data-element_type=\"widget\" data-e-type=\"widget\" data-widget_type=\"image.default\">\n\t\t\t\t\t\t\t\t\t\t\t\t\t\t\t<img decoding=\"async\" width=\"500\" height=\"358\" src=\"https:\/\/www.homepure.de\/wp-content\/uploads\/uberuns3.webp\" class=\"attachment-full size-full wp-image-2463\" alt=\"Bernhard H.Mayer\" srcset=\"https:\/\/www.homepure.de\/wp-content\/uploads\/uberuns3.webp 500w, https:\/\/www.homepure.de\/wp-content\/uploads\/uberuns3-300x215.webp 300w\" sizes=\"(max-width: 500px) 100vw, 500px\" \/>\t\t\t\t\t\t\t\t\t\t\t\t\t\t\t<\/div>\n\t\t\t\t<div class=\"elementor-element elementor-element-7901fbd elementor-widget elementor-widget-icon-box\" data-id=\"7901fbd\" data-element_type=\"widget\" data-e-type=\"widget\" data-widget_type=\"icon-box.default\">\n\t\t\t\t\t\t\t<div class=\"elementor-icon-box-wrapper\">\n\n\t\t\t\n\t\t\t\t\t\t<div class=\"elementor-icon-box-content\">\n\n\t\t\t\t\t\t\t\t\t<h2 class=\"elementor-icon-box-title\">\n\t\t\t\t\t\t<a href=\"https:\/\/bernhardhmayer.com\/\" target=\"_blank\" >\n\t\t\t\t\t\t\tBernhard H. Mayer\t\t\t\t\t\t<\/a>\n\t\t\t\t\t<\/h2>\n\t\t\t\t\n\t\t\t\t\n\t\t\t<\/div>\n\t\t\t\n\t\t<\/div>\n\t\t\t\t\t\t<\/div>\n\t\t\t\t<\/div>\n\t\t\t\t<div class=\"elementor-element elementor-element-aa4c0f2 elementor-widget elementor-widget-image\" data-id=\"aa4c0f2\" data-element_type=\"widget\" data-e-type=\"widget\" data-widget_type=\"image.default\">\n\t\t\t\t\t\t\t\t\t\t\t\t\t\t\t<img decoding=\"async\" width=\"500\" height=\"358\" src=\"https:\/\/www.homepure.de\/wp-content\/uploads\/uberuns4.webp\" class=\"attachment-full size-full wp-image-2467\" alt=\"Amezcua\" srcset=\"https:\/\/www.homepure.de\/wp-content\/uploads\/uberuns4.webp 500w, https:\/\/www.homepure.de\/wp-content\/uploads\/uberuns4-300x215.webp 300w\" sizes=\"(max-width: 500px) 100vw, 500px\" \/>\t\t\t\t\t\t\t\t\t\t\t\t\t\t\t<\/div>\n\t\t\t\t<div class=\"elementor-element elementor-element-26a3f88 elementor-widget elementor-widget-icon-box\" data-id=\"26a3f88\" data-element_type=\"widget\" data-e-type=\"widget\" data-widget_type=\"icon-box.default\">\n\t\t\t\t\t\t\t<div class=\"elementor-icon-box-wrapper\">\n\n\t\t\t\n\t\t\t\t\t\t<div class=\"elementor-icon-box-content\">\n\n\t\t\t\t\t\t\t\t\t<h2 class=\"elementor-icon-box-title\">\n\t\t\t\t\t\t<span  >\n\t\t\t\t\t\t\tAmezcua\t\t\t\t\t\t<\/span>\n\t\t\t\t\t<\/h2>\n\t\t\t\t\n\t\t\t\t\n\t\t\t<\/div>\n\t\t\t\n\t\t<\/div>\n\t\t\t\t\t\t<\/div>\n\t\t\t\t<\/div>\n\t\t<div class=\"elementor-element elementor-element-27bdff8 e-grid e-con-full animated-fast elementor-invisible e-con e-child\" data-id=\"27bdff8\" data-element_type=\"container\" data-e-type=\"container\" data-settings=\"{&quot;animation&quot;:&quot;fadeIn&quot;,&quot;animation_delay&quot;:1000,&quot;animation_tablet&quot;:&quot;none&quot;}\">\n\t\t<div class=\"elementor-element elementor-element-38a2b31 e-con-full e-flex e-con e-child\" data-id=\"38a2b31\" data-element_type=\"container\" data-e-type=\"container\">\n\t\t\t\t<div class=\"elementor-element elementor-element-d969ad1 elementor-widget elementor-widget-image\" data-id=\"d969ad1\" data-element_type=\"widget\" data-e-type=\"widget\" data-widget_type=\"image.default\">\n\t\t\t\t\t\t\t\t\t\t\t\t\t\t\t<img loading=\"lazy\" decoding=\"async\" width=\"575\" height=\"658\" src=\"https:\/\/www.homepure.de\/wp-content\/uploads\/uberuns1.webp\" class=\"attachment-full size-full wp-image-2455\" alt=\"Physio Radiance\" srcset=\"https:\/\/www.homepure.de\/wp-content\/uploads\/uberuns1.webp 575w, https:\/\/www.homepure.de\/wp-content\/uploads\/uberuns1-262x300.webp 262w\" sizes=\"(max-width: 575px) 100vw, 575px\" \/>\t\t\t\t\t\t\t\t\t\t\t\t\t\t\t<\/div>\n\t\t\t\t<div class=\"elementor-element elementor-element-1b3fb58 elementor-widget elementor-widget-icon-box\" data-id=\"1b3fb58\" data-element_type=\"widget\" data-e-type=\"widget\" data-widget_type=\"icon-box.default\">\n\t\t\t\t\t\t\t<div class=\"elementor-icon-box-wrapper\">\n\n\t\t\t\n\t\t\t\t\t\t<div class=\"elementor-icon-box-content\">\n\n\t\t\t\t\t\t\t\t\t<h2 class=\"elementor-icon-box-title\">\n\t\t\t\t\t\t<a href=\"https:\/\/physioradiance.de\/\" target=\"_blank\" >\n\t\t\t\t\t\t\tPhysio Radiance\t\t\t\t\t\t<\/a>\n\t\t\t\t\t<\/h2>\n\t\t\t\t\n\t\t\t\t\n\t\t\t<\/div>\n\t\t\t\n\t\t<\/div>\n\t\t\t\t\t\t<\/div>\n\t\t\t\t<\/div>\n\t\t<div class=\"elementor-element elementor-element-ae3e457 e-con-full e-flex e-con e-child\" data-id=\"ae3e457\" data-element_type=\"container\" data-e-type=\"container\">\n\t\t\t\t<div class=\"elementor-element elementor-element-4ff4775 elementor-widget elementor-widget-image\" data-id=\"4ff4775\" data-element_type=\"widget\" data-e-type=\"widget\" data-widget_type=\"image.default\">\n\t\t\t\t\t\t\t\t\t\t\t\t\t\t\t<img loading=\"lazy\" decoding=\"async\" width=\"575\" height=\"658\" src=\"https:\/\/www.homepure.de\/wp-content\/uploads\/uberuns2.webp\" class=\"attachment-full size-full wp-image-2459\" alt=\"LifeCode\" srcset=\"https:\/\/www.homepure.de\/wp-content\/uploads\/uberuns2.webp 575w, https:\/\/www.homepure.de\/wp-content\/uploads\/uberuns2-262x300.webp 262w\" sizes=\"(max-width: 575px) 100vw, 575px\" \/>\t\t\t\t\t\t\t\t\t\t\t\t\t\t\t<\/div>\n\t\t\t\t<div class=\"elementor-element elementor-element-e07098d elementor-widget elementor-widget-icon-box\" data-id=\"e07098d\" data-element_type=\"widget\" data-e-type=\"widget\" data-widget_type=\"icon-box.default\">\n\t\t\t\t\t\t\t<div class=\"elementor-icon-box-wrapper\">\n\n\t\t\t\n\t\t\t\t\t\t<div class=\"elementor-icon-box-content\">\n\n\t\t\t\t\t\t\t\t\t<h2 class=\"elementor-icon-box-title\">\n\t\t\t\t\t\t<a href=\"https:\/\/lifeqode.de\/\" target=\"_blank\" >\n\t\t\t\t\t\t\tLifeQode\t\t\t\t\t\t<\/a>\n\t\t\t\t\t<\/h2>\n\t\t\t\t\n\t\t\t\t\n\t\t\t<\/div>\n\t\t\t\n\t\t<\/div>\n\t\t\t\t\t\t<\/div>\n\t\t\t\t<\/div>\n\t\t\t\t<\/div>\n\t\t\t\t<\/div>\n\t\t\t\t\t<\/div>\n\t\t\t\t<\/div>\n\t\t\t\t\t<\/div>\n\t\t\t\t<\/div>\n\t\t<div class=\"elementor-element elementor-element-3f854c49 e-flex e-con-boxed e-con e-parent\" data-id=\"3f854c49\" data-element_type=\"container\" data-e-type=\"container\" data-settings=\"{&quot;background_background&quot;:&quot;classic&quot;}\">\n\t\t\t\t\t<div class=\"e-con-inner\">\n\t\t<div class=\"elementor-element elementor-element-19c629b1 e-flex e-con-boxed e-con e-child\" data-id=\"19c629b1\" data-element_type=\"container\" data-e-type=\"container\">\n\t\t\t\t\t<div class=\"e-con-inner\">\n\t\t\t\t<div class=\"elementor-element elementor-element-cf13ee0 elementor-widget__width-initial animated-fast elementor-invisible elementor-widget elementor-widget-heading\" data-id=\"cf13ee0\" data-element_type=\"widget\" data-e-type=\"widget\" data-settings=\"{&quot;_animation&quot;:&quot;fadeIn&quot;,&quot;_animation_delay&quot;:250,&quot;_animation_tablet&quot;:&quot;none&quot;}\" data-widget_type=\"heading.default\">\n\t\t\t\t\t<h2 class=\"elementor-heading-title elementor-size-default\">Stiamo aprendo nuove strade: unisciti a noi e scopri il tuo potenziale.<\/h2>\t\t\t\t<\/div>\n\t\t<div class=\"elementor-element elementor-element-bb643e1 e-grid e-con-full e-con e-child\" data-id=\"bb643e1\" data-element_type=\"container\" data-e-type=\"container\">\n\t\t\t\t<div class=\"elementor-element elementor-element-773ba549 animated-fast elementor-invisible elementor-widget elementor-widget-text-editor\" data-id=\"773ba549\" data-element_type=\"widget\" data-e-type=\"widget\" data-settings=\"{&quot;_animation&quot;:&quot;fadeIn&quot;,&quot;_animation_delay&quot;:250,&quot;_animation_tablet&quot;:&quot;none&quot;}\" data-widget_type=\"text-editor.default\">\n\t\t\t\t\t\t\t\t\t<p>Hai mai pensato di guadagnare un reddito aggiuntivo o di diventare un lavoratore autonomo? Ti piacerebbe sperimentare maggiore libert\u00e0, autodeterminazione e indipendenza finanziaria? <\/p><p>Ti mostriamo come puoi farlo!<\/p><p>QN Europe si propone come partner per tutti coloro che vogliono risvegliare e sviluppare il proprio potenziale personale per prendere in mano il proprio futuro. L \u201cet\u00e0, l\u201d istruzione, il background o le conoscenze pregresse sono irrilevanti. Il successo pu\u00f2 essere raggiunto da chiunque sia disposto a fare qualcosa, soprattutto a imparare qualcosa.  <\/p><p>Nella nostra Accademia ti offriamo un programma di formazione approfondito e unico nel suo genere, che ti permetter\u00e0 di liberare le tue capacit\u00e0 latenti e di raggiungere nuovi traguardi, indipendentemente dal fatto che tu sia un nuovo arrivato o che tu stia gi\u00e0 lavorando nella rete. Ti mostreremo di cosa sei davvero capace! <\/p>\t\t\t\t\t\t\t\t<\/div>\n\t\t\t\t<div class=\"elementor-element elementor-element-16a05a2 animated-fast elementor-invisible elementor-widget elementor-widget-text-editor\" data-id=\"16a05a2\" data-element_type=\"widget\" data-e-type=\"widget\" data-settings=\"{&quot;_animation&quot;:&quot;fadeIn&quot;,&quot;_animation_delay&quot;:450,&quot;_animation_tablet&quot;:&quot;none&quot;}\" data-widget_type=\"text-editor.default\">\n\t\t\t\t\t\t\t\t\t<p>Ti forniamo conoscenze imprenditoriali collaudate e prodotti di prima qualit\u00e0 e ti invitiamo a entrare a far parte della nostra appassionata comunit\u00e0 che ti sosterr\u00e0 nel tuo percorso verso il successo.<\/p><p>Consideriamo il tuo sviluppo aziendale, professionale e personale come la nostra missione, ed \u00e8 per questo motivo che ci impegniamo in modo del tutto nuovo per sostenerti nel tuo percorso. Le numerose storie di successo dei membri della nostra speciale comunit\u00e0 dimostrano ogni giorno di pi\u00f9 che la nostra missione \u00e8 sostenibile. <\/p><p>Ti invitiamo a conoscerci e a scoprire le opportunit\u00e0 che ti aspettano a <a href=\"https:\/\/qneurope.com\/\">QN Europe<\/a>.<\/p><p><a href=\"https:\/\/www.homepure.de\/it\/contattaci\/\">Contattaci<\/a> e scopri com&#8217;\u00e8 facile entrare a far parte del nostro team.<\/p>\t\t\t\t\t\t\t\t<\/div>\n\t\t\t\t<\/div>\n\t\t\t\t\t<\/div>\n\t\t\t\t<\/div>\n\t\t\t\t\t<\/div>\n\t\t\t\t<\/div>\n\t\t\t\t<\/div>\n\t\t","protected":false},"excerpt":{"rendered":"<p>Homepure \u00e8 un marchio di QN Europe. QN Europe \u00e8 una giovane azienda fondata nel 2014 e da allora in continua crescita nel mercato europeo. La nostra missione \u00e8 offrire a persone ambiziose un&#8217;opportunit\u00e0 realistica di costruirsi un sostentamento attraverso la distribuzione dei nostri prodotti. Oltre a una formazione unica, offriamo un ampio portafoglio di [&hellip;]<\/p>\n","protected":false},"author":1,"featured_media":2435,"parent":0,"menu_order":0,"comment_status":"closed","ping_status":"closed","template":"elementor_header_footer","meta":{"footnotes":""},"class_list":["post-2733","page","type-page","status-publish","has-post-thumbnail","hentry"],"yoast_head":"<!-- This site is optimized with the Yoast SEO plugin v27.6 - https:\/\/yoast.com\/product\/yoast-seo-wordpress\/ -->\n<title>Chi siamo - HomePure<\/title>\n<meta name=\"robots\" content=\"index, follow, max-snippet:-1, max-image-preview:large, max-video-preview:-1\" \/>\n<link rel=\"canonical\" href=\"https:\/\/www.homepure.de\/it\/chi-siamo\/\" \/>\n<meta property=\"og:locale\" content=\"it_IT\" \/>\n<meta property=\"og:type\" content=\"article\" \/>\n<meta property=\"og:title\" content=\"Chi siamo - HomePure\" \/>\n<meta property=\"og:description\" content=\"Homepure \u00e8 un marchio di QN Europe. QN Europe \u00e8 una giovane azienda fondata nel 2014 e da allora in continua crescita nel mercato europeo. La nostra missione \u00e8 offrire a persone ambiziose un&#8217;opportunit\u00e0 realistica di costruirsi un sostentamento attraverso la distribuzione dei nostri prodotti. Oltre a una formazione unica, offriamo un ampio portafoglio di [&hellip;]\" \/>\n<meta property=\"og:url\" content=\"https:\/\/www.homepure.de\/it\/chi-siamo\/\" \/>\n<meta property=\"og:site_name\" content=\"HomePure\" \/>\n<meta property=\"article:modified_time\" content=\"2025-06-15T11:19:48+00:00\" \/>\n<meta property=\"og:image\" content=\"https:\/\/www.homepure.de\/wp-content\/uploads\/2025\/05\/cropped-favicon.png\" \/>\n\t<meta property=\"og:image:width\" content=\"512\" \/>\n\t<meta property=\"og:image:height\" content=\"512\" \/>\n\t<meta property=\"og:image:type\" content=\"image\/png\" \/>\n<meta name=\"twitter:card\" content=\"summary_large_image\" \/>\n<meta name=\"twitter:label1\" content=\"Tempo di lettura stimato\" \/>\n\t<meta name=\"twitter:data1\" content=\"2 minuti\" \/>\n<script type=\"application\/ld+json\" class=\"yoast-schema-graph\">{\"@context\":\"https:\\\/\\\/schema.org\",\"@graph\":[{\"@type\":\"WebPage\",\"@id\":\"https:\\\/\\\/www.homepure.de\\\/it\\\/chi-siamo\\\/\",\"url\":\"https:\\\/\\\/www.homepure.de\\\/it\\\/chi-siamo\\\/\",\"name\":\"Chi siamo - HomePure\",\"isPartOf\":{\"@id\":\"https:\\\/\\\/www.homepure.de\\\/it\\\/#website\"},\"primaryImageOfPage\":{\"@id\":\"https:\\\/\\\/www.homepure.de\\\/it\\\/chi-siamo\\\/#primaryimage\"},\"image\":{\"@id\":\"https:\\\/\\\/www.homepure.de\\\/it\\\/chi-siamo\\\/#primaryimage\"},\"thumbnailUrl\":\"https:\\\/\\\/www.homepure.de\\\/wp-content\\\/uploads\\\/2025\\\/05\\\/cropped-favicon.png\",\"datePublished\":\"2025-05-24T10:44:03+00:00\",\"dateModified\":\"2025-06-15T11:19:48+00:00\",\"breadcrumb\":{\"@id\":\"https:\\\/\\\/www.homepure.de\\\/it\\\/chi-siamo\\\/#breadcrumb\"},\"inLanguage\":\"it-IT\",\"potentialAction\":[{\"@type\":\"ReadAction\",\"target\":[\"https:\\\/\\\/www.homepure.de\\\/it\\\/chi-siamo\\\/\"]}]},{\"@type\":\"ImageObject\",\"inLanguage\":\"it-IT\",\"@id\":\"https:\\\/\\\/www.homepure.de\\\/it\\\/chi-siamo\\\/#primaryimage\",\"url\":\"https:\\\/\\\/www.homepure.de\\\/wp-content\\\/uploads\\\/2025\\\/05\\\/cropped-favicon.png\",\"contentUrl\":\"https:\\\/\\\/www.homepure.de\\\/wp-content\\\/uploads\\\/2025\\\/05\\\/cropped-favicon.png\",\"width\":512,\"height\":512,\"caption\":\"Home Pure ist eine Marke von QN Europe\"},{\"@type\":\"BreadcrumbList\",\"@id\":\"https:\\\/\\\/www.homepure.de\\\/it\\\/chi-siamo\\\/#breadcrumb\",\"itemListElement\":[{\"@type\":\"ListItem\",\"position\":1,\"name\":\"Startseite\",\"item\":\"https:\\\/\\\/www.homepure.de\\\/it\\\/\"},{\"@type\":\"ListItem\",\"position\":2,\"name\":\"Chi siamo\"}]},{\"@type\":\"WebSite\",\"@id\":\"https:\\\/\\\/www.homepure.de\\\/it\\\/#website\",\"url\":\"https:\\\/\\\/www.homepure.de\\\/it\\\/\",\"name\":\"HomePure\",\"description\":\"Zertifizierte Luftfilter und Wasserfilter f\u00fcr zuhause\",\"publisher\":{\"@id\":\"https:\\\/\\\/www.homepure.de\\\/it\\\/#organization\"},\"potentialAction\":[{\"@type\":\"SearchAction\",\"target\":{\"@type\":\"EntryPoint\",\"urlTemplate\":\"https:\\\/\\\/www.homepure.de\\\/it\\\/?s={search_term_string}\"},\"query-input\":{\"@type\":\"PropertyValueSpecification\",\"valueRequired\":true,\"valueName\":\"search_term_string\"}}],\"inLanguage\":\"it-IT\"},{\"@type\":\"Organization\",\"@id\":\"https:\\\/\\\/www.homepure.de\\\/it\\\/#organization\",\"name\":\"HomePure\",\"url\":\"https:\\\/\\\/www.homepure.de\\\/it\\\/\",\"logo\":{\"@type\":\"ImageObject\",\"inLanguage\":\"it-IT\",\"@id\":\"https:\\\/\\\/www.homepure.de\\\/it\\\/#\\\/schema\\\/logo\\\/image\\\/\",\"url\":\"https:\\\/\\\/www.homepure.de\\\/wp-content\\\/uploads\\\/2025\\\/05\\\/cropped-homepurelogo.webp\",\"contentUrl\":\"https:\\\/\\\/www.homepure.de\\\/wp-content\\\/uploads\\\/2025\\\/05\\\/cropped-homepurelogo.webp\",\"width\":350,\"height\":55,\"caption\":\"HomePure\"},\"image\":{\"@id\":\"https:\\\/\\\/www.homepure.de\\\/it\\\/#\\\/schema\\\/logo\\\/image\\\/\"}}]}<\/script>\n<!-- \/ Yoast SEO plugin. -->","yoast_head_json":{"title":"Chi siamo - HomePure","robots":{"index":"index","follow":"follow","max-snippet":"max-snippet:-1","max-image-preview":"max-image-preview:large","max-video-preview":"max-video-preview:-1"},"canonical":"https:\/\/www.homepure.de\/it\/chi-siamo\/","og_locale":"it_IT","og_type":"article","og_title":"Chi siamo - HomePure","og_description":"Homepure \u00e8 un marchio di QN Europe. QN Europe \u00e8 una giovane azienda fondata nel 2014 e da allora in continua crescita nel mercato europeo. La nostra missione \u00e8 offrire a persone ambiziose un&#8217;opportunit\u00e0 realistica di costruirsi un sostentamento attraverso la distribuzione dei nostri prodotti. Oltre a una formazione unica, offriamo un ampio portafoglio di [&hellip;]","og_url":"https:\/\/www.homepure.de\/it\/chi-siamo\/","og_site_name":"HomePure","article_modified_time":"2025-06-15T11:19:48+00:00","og_image":[{"width":512,"height":512,"url":"https:\/\/www.homepure.de\/wp-content\/uploads\/2025\/05\/cropped-favicon.png","type":"image\/png"}],"twitter_card":"summary_large_image","twitter_misc":{"Tempo di lettura stimato":"2 minuti"},"schema":{"@context":"https:\/\/schema.org","@graph":[{"@type":"WebPage","@id":"https:\/\/www.homepure.de\/it\/chi-siamo\/","url":"https:\/\/www.homepure.de\/it\/chi-siamo\/","name":"Chi siamo - HomePure","isPartOf":{"@id":"https:\/\/www.homepure.de\/it\/#website"},"primaryImageOfPage":{"@id":"https:\/\/www.homepure.de\/it\/chi-siamo\/#primaryimage"},"image":{"@id":"https:\/\/www.homepure.de\/it\/chi-siamo\/#primaryimage"},"thumbnailUrl":"https:\/\/www.homepure.de\/wp-content\/uploads\/2025\/05\/cropped-favicon.png","datePublished":"2025-05-24T10:44:03+00:00","dateModified":"2025-06-15T11:19:48+00:00","breadcrumb":{"@id":"https:\/\/www.homepure.de\/it\/chi-siamo\/#breadcrumb"},"inLanguage":"it-IT","potentialAction":[{"@type":"ReadAction","target":["https:\/\/www.homepure.de\/it\/chi-siamo\/"]}]},{"@type":"ImageObject","inLanguage":"it-IT","@id":"https:\/\/www.homepure.de\/it\/chi-siamo\/#primaryimage","url":"https:\/\/www.homepure.de\/wp-content\/uploads\/2025\/05\/cropped-favicon.png","contentUrl":"https:\/\/www.homepure.de\/wp-content\/uploads\/2025\/05\/cropped-favicon.png","width":512,"height":512,"caption":"Home Pure ist eine Marke von QN Europe"},{"@type":"BreadcrumbList","@id":"https:\/\/www.homepure.de\/it\/chi-siamo\/#breadcrumb","itemListElement":[{"@type":"ListItem","position":1,"name":"Startseite","item":"https:\/\/www.homepure.de\/it\/"},{"@type":"ListItem","position":2,"name":"Chi siamo"}]},{"@type":"WebSite","@id":"https:\/\/www.homepure.de\/it\/#website","url":"https:\/\/www.homepure.de\/it\/","name":"HomePure","description":"Zertifizierte Luftfilter und Wasserfilter f\u00fcr zuhause","publisher":{"@id":"https:\/\/www.homepure.de\/it\/#organization"},"potentialAction":[{"@type":"SearchAction","target":{"@type":"EntryPoint","urlTemplate":"https:\/\/www.homepure.de\/it\/?s={search_term_string}"},"query-input":{"@type":"PropertyValueSpecification","valueRequired":true,"valueName":"search_term_string"}}],"inLanguage":"it-IT"},{"@type":"Organization","@id":"https:\/\/www.homepure.de\/it\/#organization","name":"HomePure","url":"https:\/\/www.homepure.de\/it\/","logo":{"@type":"ImageObject","inLanguage":"it-IT","@id":"https:\/\/www.homepure.de\/it\/#\/schema\/logo\/image\/","url":"https:\/\/www.homepure.de\/wp-content\/uploads\/2025\/05\/cropped-homepurelogo.webp","contentUrl":"https:\/\/www.homepure.de\/wp-content\/uploads\/2025\/05\/cropped-homepurelogo.webp","width":350,"height":55,"caption":"HomePure"},"image":{"@id":"https:\/\/www.homepure.de\/it\/#\/schema\/logo\/image\/"}}]}},"_links":{"self":[{"href":"https:\/\/www.homepure.de\/it\/wp-json\/wp\/v2\/pages\/2733","targetHints":{"allow":["GET"]}}],"collection":[{"href":"https:\/\/www.homepure.de\/it\/wp-json\/wp\/v2\/pages"}],"about":[{"href":"https:\/\/www.homepure.de\/it\/wp-json\/wp\/v2\/types\/page"}],"author":[{"embeddable":true,"href":"https:\/\/www.homepure.de\/it\/wp-json\/wp\/v2\/users\/1"}],"replies":[{"embeddable":true,"href":"https:\/\/www.homepure.de\/it\/wp-json\/wp\/v2\/comments?post=2733"}],"version-history":[{"count":7,"href":"https:\/\/www.homepure.de\/it\/wp-json\/wp\/v2\/pages\/2733\/revisions"}],"predecessor-version":[{"id":3045,"href":"https:\/\/www.homepure.de\/it\/wp-json\/wp\/v2\/pages\/2733\/revisions\/3045"}],"wp:featuredmedia":[{"embeddable":true,"href":"https:\/\/www.homepure.de\/it\/wp-json\/wp\/v2\/media\/2435"}],"wp:attachment":[{"href":"https:\/\/www.homepure.de\/it\/wp-json\/wp\/v2\/media?parent=2733"}],"curies":[{"name":"wp","href":"https:\/\/api.w.org\/{rel}","templated":true}]}}