{"id":2746,"date":"2025-05-24T12:44:03","date_gmt":"2025-05-24T10:44:03","guid":{"rendered":"https:\/\/www.homepure.de\/a-propos-de-nous\/"},"modified":"2025-06-15T13:18:59","modified_gmt":"2025-06-15T11:18:59","slug":"a-propos-de-nous","status":"publish","type":"page","link":"https:\/\/www.homepure.de\/fr\/a-propos-de-nous\/","title":{"rendered":"\u00c0 propos de nous"},"content":{"rendered":"\t\t<div data-elementor-type=\"wp-page\" data-elementor-id=\"2746\" class=\"elementor elementor-2746 elementor-22\" data-elementor-post-type=\"page\">\n\t\t\t\t<div class=\"elementor-element elementor-element-12b6088 e-flex e-con-boxed e-con e-parent\" data-id=\"12b6088\" data-element_type=\"container\" data-e-type=\"container\" data-settings=\"{&quot;background_background&quot;:&quot;classic&quot;}\">\n\t\t\t\t\t<div class=\"e-con-inner\">\n\t\t\t\t<div class=\"elementor-element elementor-element-818c4e4 elementor-widget elementor-widget-spacer\" data-id=\"818c4e4\" data-element_type=\"widget\" data-e-type=\"widget\" data-widget_type=\"spacer.default\">\n\t\t\t\t\t\t\t<div class=\"elementor-spacer\">\n\t\t\t<div class=\"elementor-spacer-inner\"><\/div>\n\t\t<\/div>\n\t\t\t\t\t\t<\/div>\n\t\t\t\t\t<\/div>\n\t\t\t\t<\/div>\n\t\t<div class=\"elementor-element elementor-element-c65b621 e-flex e-con-boxed e-con e-parent\" data-id=\"c65b621\" data-element_type=\"container\" data-e-type=\"container\" data-settings=\"{&quot;background_background&quot;:&quot;classic&quot;}\">\n\t\t\t\t\t<div class=\"e-con-inner\">\n\t\t<div class=\"elementor-element elementor-element-6ed8046 e-grid e-con-boxed e-con e-child\" data-id=\"6ed8046\" data-element_type=\"container\" data-e-type=\"container\">\n\t\t\t\t\t<div class=\"e-con-inner\">\n\t\t<div class=\"elementor-element elementor-element-9e275bb e-con-full animated-fast e-flex elementor-invisible e-con e-child\" data-id=\"9e275bb\" data-element_type=\"container\" data-e-type=\"container\" data-settings=\"{&quot;animation&quot;:&quot;fadeIn&quot;,&quot;animation_delay&quot;:500,&quot;animation_tablet&quot;:&quot;none&quot;}\">\n\t\t\t\t<div class=\"elementor-element elementor-element-3a2e30a elementor-widget__width-initial elementor-widget-mobile__width-inherit elementor-widget-tablet__width-inherit elementor-widget elementor-widget-heading\" data-id=\"3a2e30a\" data-element_type=\"widget\" data-e-type=\"widget\" data-widget_type=\"heading.default\">\n\t\t\t\t\t<h1 class=\"elementor-heading-title elementor-size-default\">Homepure est une marque de QN Europe.<\/h1>\t\t\t\t<\/div>\n\t\t\t\t<div class=\"elementor-element elementor-element-48a68c0 elementor-widget__width-initial elementor-widget elementor-widget-text-editor\" data-id=\"48a68c0\" data-element_type=\"widget\" data-e-type=\"widget\" data-widget_type=\"text-editor.default\">\n\t\t\t\t\t\t\t\t\t<p>QN Europe est une jeune entreprise cr\u00e9\u00e9e en 2014 et qui conna\u00eet depuis une croissance continue sur le march\u00e9 europ\u00e9en. Notre mission est d&rsquo;offrir \u00e0 des personnes ambitieuses une possibilit\u00e9 r\u00e9aliste de cr\u00e9er leur propre activit\u00e9 en distribuant nos produits. Pour ce faire, nous proposons, en plus d&rsquo;une formation unique, un large portefeuille de produits de haute qualit\u00e9, d\u00e9j\u00e0 lanc\u00e9s avec succ\u00e8s et visant \u00e0 am\u00e9liorer la qualit\u00e9 de vie :<\/p>\t\t\t\t\t\t\t\t<\/div>\n\t\t\t\t<\/div>\n\t\t<div class=\"elementor-element elementor-element-3e2f301 e-grid e-con-full e-con e-child\" data-id=\"3e2f301\" data-element_type=\"container\" data-e-type=\"container\">\n\t\t<div class=\"elementor-element elementor-element-f8ae165 e-grid e-con-full animated-fast elementor-invisible e-con e-child\" data-id=\"f8ae165\" data-element_type=\"container\" data-e-type=\"container\" data-settings=\"{&quot;animation&quot;:&quot;fadeIn&quot;,&quot;animation_delay&quot;:750,&quot;animation_tablet&quot;:&quot;none&quot;}\">\n\t\t<div class=\"elementor-element elementor-element-ccea1f0 e-con-full e-flex e-con e-child\" data-id=\"ccea1f0\" data-element_type=\"container\" data-e-type=\"container\">\n\t\t\t\t<div class=\"elementor-element elementor-element-d2b61b7 elementor-widget elementor-widget-image\" data-id=\"d2b61b7\" data-element_type=\"widget\" data-e-type=\"widget\" data-widget_type=\"image.default\">\n\t\t\t\t\t\t\t\t\t\t\t\t\t\t\t<img fetchpriority=\"high\" decoding=\"async\" width=\"500\" height=\"358\" src=\"https:\/\/www.homepure.de\/wp-content\/uploads\/uberuns7.webp\" class=\"attachment-full size-full wp-image-3031\" alt=\"Home Pure\" srcset=\"https:\/\/www.homepure.de\/wp-content\/uploads\/uberuns7.webp 500w, https:\/\/www.homepure.de\/wp-content\/uploads\/uberuns7-300x215.webp 300w\" sizes=\"(max-width: 500px) 100vw, 500px\" \/>\t\t\t\t\t\t\t\t\t\t\t\t\t\t\t<\/div>\n\t\t\t\t<div class=\"elementor-element elementor-element-8775309 elementor-widget elementor-widget-icon-box\" data-id=\"8775309\" data-element_type=\"widget\" data-e-type=\"widget\" data-widget_type=\"icon-box.default\">\n\t\t\t\t\t\t\t<div class=\"elementor-icon-box-wrapper\">\n\n\t\t\t\n\t\t\t\t\t\t<div class=\"elementor-icon-box-content\">\n\n\t\t\t\t\t\t\t\t\t<h2 class=\"elementor-icon-box-title\">\n\t\t\t\t\t\t<a href=\"https:\/\/www.homepure.com\/\" target=\"_blank\" >\n\t\t\t\t\t\t\tHome Pure\t\t\t\t\t\t<\/a>\n\t\t\t\t\t<\/h2>\n\t\t\t\t\n\t\t\t\t\n\t\t\t<\/div>\n\t\t\t\n\t\t<\/div>\n\t\t\t\t\t\t<\/div>\n\t\t\t\t<\/div>\n\t\t<div class=\"elementor-element elementor-element-f137959 e-con-full e-flex e-con e-child\" data-id=\"f137959\" data-element_type=\"container\" data-e-type=\"container\">\n\t\t\t\t<div class=\"elementor-element elementor-element-3c1fa9c elementor-widget elementor-widget-image\" data-id=\"3c1fa9c\" data-element_type=\"widget\" data-e-type=\"widget\" data-widget_type=\"image.default\">\n\t\t\t\t\t\t\t\t\t\t\t\t\t\t\t<img decoding=\"async\" width=\"500\" height=\"358\" src=\"https:\/\/www.homepure.de\/wp-content\/uploads\/uberuns3.webp\" class=\"attachment-full size-full wp-image-2462\" alt=\"Bernhard H.Mayer\" srcset=\"https:\/\/www.homepure.de\/wp-content\/uploads\/uberuns3.webp 500w, https:\/\/www.homepure.de\/wp-content\/uploads\/uberuns3-300x215.webp 300w\" sizes=\"(max-width: 500px) 100vw, 500px\" \/>\t\t\t\t\t\t\t\t\t\t\t\t\t\t\t<\/div>\n\t\t\t\t<div class=\"elementor-element elementor-element-fe1e49a elementor-widget elementor-widget-icon-box\" data-id=\"fe1e49a\" data-element_type=\"widget\" data-e-type=\"widget\" data-widget_type=\"icon-box.default\">\n\t\t\t\t\t\t\t<div class=\"elementor-icon-box-wrapper\">\n\n\t\t\t\n\t\t\t\t\t\t<div class=\"elementor-icon-box-content\">\n\n\t\t\t\t\t\t\t\t\t<h2 class=\"elementor-icon-box-title\">\n\t\t\t\t\t\t<a href=\"https:\/\/bernhardhmayer.com\/\" target=\"_blank\" >\n\t\t\t\t\t\t\tBernhard H. Mayer\t\t\t\t\t\t<\/a>\n\t\t\t\t\t<\/h2>\n\t\t\t\t\n\t\t\t\t\n\t\t\t<\/div>\n\t\t\t\n\t\t<\/div>\n\t\t\t\t\t\t<\/div>\n\t\t\t\t<\/div>\n\t\t\t\t<div class=\"elementor-element elementor-element-dfcf378 elementor-widget elementor-widget-image\" data-id=\"dfcf378\" data-element_type=\"widget\" data-e-type=\"widget\" data-widget_type=\"image.default\">\n\t\t\t\t\t\t\t\t\t\t\t\t\t\t\t<img decoding=\"async\" width=\"500\" height=\"358\" src=\"https:\/\/www.homepure.de\/wp-content\/uploads\/uberuns4.webp\" class=\"attachment-full size-full wp-image-2466\" alt=\"Amezcua\" srcset=\"https:\/\/www.homepure.de\/wp-content\/uploads\/uberuns4.webp 500w, https:\/\/www.homepure.de\/wp-content\/uploads\/uberuns4-300x215.webp 300w\" sizes=\"(max-width: 500px) 100vw, 500px\" \/>\t\t\t\t\t\t\t\t\t\t\t\t\t\t\t<\/div>\n\t\t\t\t<div class=\"elementor-element elementor-element-4ce90e3 elementor-widget elementor-widget-icon-box\" data-id=\"4ce90e3\" data-element_type=\"widget\" data-e-type=\"widget\" data-widget_type=\"icon-box.default\">\n\t\t\t\t\t\t\t<div class=\"elementor-icon-box-wrapper\">\n\n\t\t\t\n\t\t\t\t\t\t<div class=\"elementor-icon-box-content\">\n\n\t\t\t\t\t\t\t\t\t<h2 class=\"elementor-icon-box-title\">\n\t\t\t\t\t\t<span  >\n\t\t\t\t\t\t\tAmezcua\t\t\t\t\t\t<\/span>\n\t\t\t\t\t<\/h2>\n\t\t\t\t\n\t\t\t\t\n\t\t\t<\/div>\n\t\t\t\n\t\t<\/div>\n\t\t\t\t\t\t<\/div>\n\t\t\t\t<\/div>\n\t\t<div class=\"elementor-element elementor-element-2d994f3 e-grid e-con-full animated-fast elementor-invisible e-con e-child\" data-id=\"2d994f3\" data-element_type=\"container\" data-e-type=\"container\" data-settings=\"{&quot;animation&quot;:&quot;fadeIn&quot;,&quot;animation_delay&quot;:1000,&quot;animation_tablet&quot;:&quot;none&quot;}\">\n\t\t<div class=\"elementor-element elementor-element-80de31f e-con-full e-flex e-con e-child\" data-id=\"80de31f\" data-element_type=\"container\" data-e-type=\"container\">\n\t\t\t\t<div class=\"elementor-element elementor-element-b9a1b7e elementor-widget elementor-widget-image\" data-id=\"b9a1b7e\" data-element_type=\"widget\" data-e-type=\"widget\" data-widget_type=\"image.default\">\n\t\t\t\t\t\t\t\t\t\t\t\t\t\t\t<img loading=\"lazy\" decoding=\"async\" width=\"575\" height=\"658\" src=\"https:\/\/www.homepure.de\/wp-content\/uploads\/uberuns1.webp\" class=\"attachment-full size-full wp-image-2454\" alt=\"Physio Radiance\" srcset=\"https:\/\/www.homepure.de\/wp-content\/uploads\/uberuns1.webp 575w, https:\/\/www.homepure.de\/wp-content\/uploads\/uberuns1-262x300.webp 262w\" sizes=\"(max-width: 575px) 100vw, 575px\" \/>\t\t\t\t\t\t\t\t\t\t\t\t\t\t\t<\/div>\n\t\t\t\t<div class=\"elementor-element elementor-element-3c99785 elementor-widget elementor-widget-icon-box\" data-id=\"3c99785\" data-element_type=\"widget\" data-e-type=\"widget\" data-widget_type=\"icon-box.default\">\n\t\t\t\t\t\t\t<div class=\"elementor-icon-box-wrapper\">\n\n\t\t\t\n\t\t\t\t\t\t<div class=\"elementor-icon-box-content\">\n\n\t\t\t\t\t\t\t\t\t<h2 class=\"elementor-icon-box-title\">\n\t\t\t\t\t\t<a href=\"https:\/\/physioradiance.de\/\" target=\"_blank\" >\n\t\t\t\t\t\t\tPhysio Radiance\t\t\t\t\t\t<\/a>\n\t\t\t\t\t<\/h2>\n\t\t\t\t\n\t\t\t\t\n\t\t\t<\/div>\n\t\t\t\n\t\t<\/div>\n\t\t\t\t\t\t<\/div>\n\t\t\t\t<\/div>\n\t\t<div class=\"elementor-element elementor-element-73fa686 e-con-full e-flex e-con e-child\" data-id=\"73fa686\" data-element_type=\"container\" data-e-type=\"container\">\n\t\t\t\t<div class=\"elementor-element elementor-element-f2edd14 elementor-widget elementor-widget-image\" data-id=\"f2edd14\" data-element_type=\"widget\" data-e-type=\"widget\" data-widget_type=\"image.default\">\n\t\t\t\t\t\t\t\t\t\t\t\t\t\t\t<img loading=\"lazy\" decoding=\"async\" width=\"575\" height=\"658\" src=\"https:\/\/www.homepure.de\/wp-content\/uploads\/uberuns2.webp\" class=\"attachment-full size-full wp-image-2458\" alt=\"LifeCode\" srcset=\"https:\/\/www.homepure.de\/wp-content\/uploads\/uberuns2.webp 575w, https:\/\/www.homepure.de\/wp-content\/uploads\/uberuns2-262x300.webp 262w\" sizes=\"(max-width: 575px) 100vw, 575px\" \/>\t\t\t\t\t\t\t\t\t\t\t\t\t\t\t<\/div>\n\t\t\t\t<div class=\"elementor-element elementor-element-3468a74 elementor-widget elementor-widget-icon-box\" data-id=\"3468a74\" data-element_type=\"widget\" data-e-type=\"widget\" data-widget_type=\"icon-box.default\">\n\t\t\t\t\t\t\t<div class=\"elementor-icon-box-wrapper\">\n\n\t\t\t\n\t\t\t\t\t\t<div class=\"elementor-icon-box-content\">\n\n\t\t\t\t\t\t\t\t\t<h2 class=\"elementor-icon-box-title\">\n\t\t\t\t\t\t<a href=\"https:\/\/lifeqode.de\/\" target=\"_blank\" >\n\t\t\t\t\t\t\tLifeQode\t\t\t\t\t\t<\/a>\n\t\t\t\t\t<\/h2>\n\t\t\t\t\n\t\t\t\t\n\t\t\t<\/div>\n\t\t\t\n\t\t<\/div>\n\t\t\t\t\t\t<\/div>\n\t\t\t\t<\/div>\n\t\t\t\t<\/div>\n\t\t\t\t<\/div>\n\t\t\t\t\t<\/div>\n\t\t\t\t<\/div>\n\t\t\t\t\t<\/div>\n\t\t\t\t<\/div>\n\t\t<div class=\"elementor-element elementor-element-3f854c49 e-flex e-con-boxed e-con e-parent\" data-id=\"3f854c49\" data-element_type=\"container\" data-e-type=\"container\" data-settings=\"{&quot;background_background&quot;:&quot;classic&quot;}\">\n\t\t\t\t\t<div class=\"e-con-inner\">\n\t\t<div class=\"elementor-element elementor-element-19c629b1 e-flex e-con-boxed e-con e-child\" data-id=\"19c629b1\" data-element_type=\"container\" data-e-type=\"container\">\n\t\t\t\t\t<div class=\"e-con-inner\">\n\t\t\t\t<div class=\"elementor-element elementor-element-cf13ee0 elementor-widget__width-initial animated-fast elementor-invisible elementor-widget elementor-widget-heading\" data-id=\"cf13ee0\" data-element_type=\"widget\" data-e-type=\"widget\" data-settings=\"{&quot;_animation&quot;:&quot;fadeIn&quot;,&quot;_animation_delay&quot;:250,&quot;_animation_tablet&quot;:&quot;none&quot;}\" data-widget_type=\"heading.default\">\n\t\t\t\t\t<h2 class=\"elementor-heading-title elementor-size-default\">Nous explorons de nouvelles voies - rejoignez-nous et d\u00e9couvrez votre potentiel.<\/h2>\t\t\t\t<\/div>\n\t\t<div class=\"elementor-element elementor-element-bb643e1 e-grid e-con-full e-con e-child\" data-id=\"bb643e1\" data-element_type=\"container\" data-e-type=\"container\">\n\t\t\t\t<div class=\"elementor-element elementor-element-773ba549 animated-fast elementor-invisible elementor-widget elementor-widget-text-editor\" data-id=\"773ba549\" data-element_type=\"widget\" data-e-type=\"widget\" data-settings=\"{&quot;_animation&quot;:&quot;fadeIn&quot;,&quot;_animation_delay&quot;:250,&quot;_animation_tablet&quot;:&quot;none&quot;}\" data-widget_type=\"text-editor.default\">\n\t\t\t\t\t\t\t\t\t<p>Avez-vous d\u00e9j\u00e0 envisag\u00e9 de gagner un revenu suppl\u00e9mentaire, ou m\u00eame de vous mettre \u00e0 votre compte ? Aimeriez-vous (vivre) plus de libert\u00e9, d&rsquo;autod\u00e9termination et d&rsquo;ind\u00e9pendance financi\u00e8re ?<\/p><p>Nous vous montrons comment vous pouvez y arriver !<\/p><p>QN Europe se veut un partenaire pour tous ceux qui souhaitent \u00e9veiller et d\u00e9velopper leur potentiel personnel afin de prendre leur avenir en main. L \u00ab \u00e2ge, l \u00bb \u00e9ducation, l&rsquo;origine ou les connaissances pr\u00e9alables ne jouent aucun r\u00f4le. Le succ\u00e8s est \u00e0 la port\u00e9e de tous ceux qui sont pr\u00eats \u00e0 faire quelque chose pour l&rsquo;obtenir, et surtout \u00e0 apprendre quelque chose.<\/p><p>Nous vous offrons dans notre Acad\u00e9mie une formation approfondie unique au monde qui lib\u00e8re vos capacit\u00e9s dormantes et vous permet d&rsquo;atteindre de nouveaux sommets, que vous soyez un nouveau venu ou que vous travailliez d\u00e9j\u00e0 dans le r\u00e9seau. Nous vous montrons ce dont vous \u00eates r\u00e9ellement capable !<\/p>\t\t\t\t\t\t\t\t<\/div>\n\t\t\t\t<div class=\"elementor-element elementor-element-16a05a2 animated-fast elementor-invisible elementor-widget elementor-widget-text-editor\" data-id=\"16a05a2\" data-element_type=\"widget\" data-e-type=\"widget\" data-settings=\"{&quot;_animation&quot;:&quot;fadeIn&quot;,&quot;_animation_delay&quot;:450,&quot;_animation_tablet&quot;:&quot;none&quot;}\" data-widget_type=\"text-editor.default\">\n\t\t\t\t\t\t\t\t\t<p>Nous mettons \u00e0 votre disposition des connaissances entrepreneuriales \u00e9prouv\u00e9es et des produits de qualit\u00e9, et vous invitons \u00e0 rejoindre notre communaut\u00e9 passionn\u00e9e qui vous aidera \u00e0 r\u00e9ussir.<\/p><p>Nous consid\u00e9rons que votre d\u00e9veloppement commercial, professionnel et personnel est notre mission, et c&rsquo;est pourquoi nous explorons de toutes nouvelles voies pour vous aider \u00e0 progresser. Les nombreuses histoires de r\u00e9ussite des membres de notre communaut\u00e9 particuli\u00e8re prouvent chaque jour que nous remplissons notre mission de mani\u00e8re durable.<\/p><p>Nous vous invitons \u00e0 nous rencontrer et \u00e0 vous informer sur les opportunit\u00e9s qui vous attendent chez <a href=\"https:\/\/qneurope.com\/\">QN Europe<\/a>.<\/p><p><a href=\"https:\/\/www.homepure.de\/fr\/contact\/\">Contactez-nous<\/a> et d\u00e9couvrez comment vous pouvez facilement faire partie de notre \u00e9quipe.<\/p>\t\t\t\t\t\t\t\t<\/div>\n\t\t\t\t<\/div>\n\t\t\t\t\t<\/div>\n\t\t\t\t<\/div>\n\t\t\t\t\t<\/div>\n\t\t\t\t<\/div>\n\t\t\t\t<\/div>\n\t\t","protected":false},"excerpt":{"rendered":"<p>Homepure est une marque de QN Europe. QN Europe est une jeune entreprise cr\u00e9\u00e9e en 2014 et qui conna\u00eet depuis une croissance continue sur le march\u00e9 europ\u00e9en. Notre mission est d&rsquo;offrir \u00e0 des personnes ambitieuses une possibilit\u00e9 r\u00e9aliste de cr\u00e9er leur propre activit\u00e9 en distribuant nos produits. Pour ce faire, nous proposons, en plus d&rsquo;une [&hellip;]<\/p>\n","protected":false},"author":1,"featured_media":2434,"parent":0,"menu_order":0,"comment_status":"closed","ping_status":"closed","template":"elementor_header_footer","meta":{"footnotes":""},"class_list":["post-2746","page","type-page","status-publish","has-post-thumbnail","hentry"],"yoast_head":"<!-- This site is optimized with the Yoast SEO plugin v27.6 - https:\/\/yoast.com\/product\/yoast-seo-wordpress\/ -->\n<title>\u00c0 propos de nous - HomePure<\/title>\n<meta name=\"robots\" content=\"index, follow, max-snippet:-1, max-image-preview:large, max-video-preview:-1\" \/>\n<link rel=\"canonical\" href=\"https:\/\/www.homepure.de\/fr\/a-propos-de-nous\/\" \/>\n<meta property=\"og:locale\" content=\"fr_FR\" \/>\n<meta property=\"og:type\" content=\"article\" \/>\n<meta property=\"og:title\" content=\"\u00c0 propos de nous - HomePure\" \/>\n<meta property=\"og:description\" content=\"Homepure est une marque de QN Europe. QN Europe est une jeune entreprise cr\u00e9\u00e9e en 2014 et qui conna\u00eet depuis une croissance continue sur le march\u00e9 europ\u00e9en. Notre mission est d&rsquo;offrir \u00e0 des personnes ambitieuses une possibilit\u00e9 r\u00e9aliste de cr\u00e9er leur propre activit\u00e9 en distribuant nos produits. Pour ce faire, nous proposons, en plus d&rsquo;une [&hellip;]\" \/>\n<meta property=\"og:url\" content=\"https:\/\/www.homepure.de\/fr\/a-propos-de-nous\/\" \/>\n<meta property=\"og:site_name\" content=\"HomePure\" \/>\n<meta property=\"article:modified_time\" content=\"2025-06-15T11:18:59+00:00\" \/>\n<meta property=\"og:image\" content=\"https:\/\/www.homepure.de\/wp-content\/uploads\/2025\/05\/cropped-favicon.png\" \/>\n\t<meta property=\"og:image:width\" content=\"512\" \/>\n\t<meta property=\"og:image:height\" content=\"512\" \/>\n\t<meta property=\"og:image:type\" content=\"image\/png\" \/>\n<meta name=\"twitter:card\" content=\"summary_large_image\" \/>\n<meta name=\"twitter:label1\" content=\"Dur\u00e9e de lecture estim\u00e9e\" \/>\n\t<meta name=\"twitter:data1\" content=\"2 minutes\" \/>\n<script type=\"application\/ld+json\" class=\"yoast-schema-graph\">{\"@context\":\"https:\\\/\\\/schema.org\",\"@graph\":[{\"@type\":\"WebPage\",\"@id\":\"https:\\\/\\\/www.homepure.de\\\/fr\\\/a-propos-de-nous\\\/\",\"url\":\"https:\\\/\\\/www.homepure.de\\\/fr\\\/a-propos-de-nous\\\/\",\"name\":\"\u00c0 propos de nous - HomePure\",\"isPartOf\":{\"@id\":\"https:\\\/\\\/www.homepure.de\\\/fr\\\/#website\"},\"primaryImageOfPage\":{\"@id\":\"https:\\\/\\\/www.homepure.de\\\/fr\\\/a-propos-de-nous\\\/#primaryimage\"},\"image\":{\"@id\":\"https:\\\/\\\/www.homepure.de\\\/fr\\\/a-propos-de-nous\\\/#primaryimage\"},\"thumbnailUrl\":\"https:\\\/\\\/www.homepure.de\\\/wp-content\\\/uploads\\\/2025\\\/05\\\/cropped-favicon.png\",\"datePublished\":\"2025-05-24T10:44:03+00:00\",\"dateModified\":\"2025-06-15T11:18:59+00:00\",\"breadcrumb\":{\"@id\":\"https:\\\/\\\/www.homepure.de\\\/fr\\\/a-propos-de-nous\\\/#breadcrumb\"},\"inLanguage\":\"fr-FR\",\"potentialAction\":[{\"@type\":\"ReadAction\",\"target\":[\"https:\\\/\\\/www.homepure.de\\\/fr\\\/a-propos-de-nous\\\/\"]}]},{\"@type\":\"ImageObject\",\"inLanguage\":\"fr-FR\",\"@id\":\"https:\\\/\\\/www.homepure.de\\\/fr\\\/a-propos-de-nous\\\/#primaryimage\",\"url\":\"https:\\\/\\\/www.homepure.de\\\/wp-content\\\/uploads\\\/2025\\\/05\\\/cropped-favicon.png\",\"contentUrl\":\"https:\\\/\\\/www.homepure.de\\\/wp-content\\\/uploads\\\/2025\\\/05\\\/cropped-favicon.png\",\"width\":512,\"height\":512,\"caption\":\"Home Pure ist eine Marke von QN Europe\"},{\"@type\":\"BreadcrumbList\",\"@id\":\"https:\\\/\\\/www.homepure.de\\\/fr\\\/a-propos-de-nous\\\/#breadcrumb\",\"itemListElement\":[{\"@type\":\"ListItem\",\"position\":1,\"name\":\"Startseite\",\"item\":\"https:\\\/\\\/www.homepure.de\\\/fr\\\/\"},{\"@type\":\"ListItem\",\"position\":2,\"name\":\"\u00c0 propos de nous\"}]},{\"@type\":\"WebSite\",\"@id\":\"https:\\\/\\\/www.homepure.de\\\/fr\\\/#website\",\"url\":\"https:\\\/\\\/www.homepure.de\\\/fr\\\/\",\"name\":\"HomePure\",\"description\":\"Zertifizierte Luftfilter und Wasserfilter f\u00fcr zuhause\",\"publisher\":{\"@id\":\"https:\\\/\\\/www.homepure.de\\\/fr\\\/#organization\"},\"potentialAction\":[{\"@type\":\"SearchAction\",\"target\":{\"@type\":\"EntryPoint\",\"urlTemplate\":\"https:\\\/\\\/www.homepure.de\\\/fr\\\/?s={search_term_string}\"},\"query-input\":{\"@type\":\"PropertyValueSpecification\",\"valueRequired\":true,\"valueName\":\"search_term_string\"}}],\"inLanguage\":\"fr-FR\"},{\"@type\":\"Organization\",\"@id\":\"https:\\\/\\\/www.homepure.de\\\/fr\\\/#organization\",\"name\":\"HomePure\",\"url\":\"https:\\\/\\\/www.homepure.de\\\/fr\\\/\",\"logo\":{\"@type\":\"ImageObject\",\"inLanguage\":\"fr-FR\",\"@id\":\"https:\\\/\\\/www.homepure.de\\\/fr\\\/#\\\/schema\\\/logo\\\/image\\\/\",\"url\":\"https:\\\/\\\/www.homepure.de\\\/wp-content\\\/uploads\\\/2025\\\/05\\\/cropped-homepurelogo.webp\",\"contentUrl\":\"https:\\\/\\\/www.homepure.de\\\/wp-content\\\/uploads\\\/2025\\\/05\\\/cropped-homepurelogo.webp\",\"width\":350,\"height\":55,\"caption\":\"HomePure\"},\"image\":{\"@id\":\"https:\\\/\\\/www.homepure.de\\\/fr\\\/#\\\/schema\\\/logo\\\/image\\\/\"}}]}<\/script>\n<!-- \/ Yoast SEO plugin. -->","yoast_head_json":{"title":"\u00c0 propos de nous - HomePure","robots":{"index":"index","follow":"follow","max-snippet":"max-snippet:-1","max-image-preview":"max-image-preview:large","max-video-preview":"max-video-preview:-1"},"canonical":"https:\/\/www.homepure.de\/fr\/a-propos-de-nous\/","og_locale":"fr_FR","og_type":"article","og_title":"\u00c0 propos de nous - HomePure","og_description":"Homepure est une marque de QN Europe. QN Europe est une jeune entreprise cr\u00e9\u00e9e en 2014 et qui conna\u00eet depuis une croissance continue sur le march\u00e9 europ\u00e9en. Notre mission est d&rsquo;offrir \u00e0 des personnes ambitieuses une possibilit\u00e9 r\u00e9aliste de cr\u00e9er leur propre activit\u00e9 en distribuant nos produits. Pour ce faire, nous proposons, en plus d&rsquo;une [&hellip;]","og_url":"https:\/\/www.homepure.de\/fr\/a-propos-de-nous\/","og_site_name":"HomePure","article_modified_time":"2025-06-15T11:18:59+00:00","og_image":[{"width":512,"height":512,"url":"https:\/\/www.homepure.de\/wp-content\/uploads\/2025\/05\/cropped-favicon.png","type":"image\/png"}],"twitter_card":"summary_large_image","twitter_misc":{"Dur\u00e9e de lecture estim\u00e9e":"2 minutes"},"schema":{"@context":"https:\/\/schema.org","@graph":[{"@type":"WebPage","@id":"https:\/\/www.homepure.de\/fr\/a-propos-de-nous\/","url":"https:\/\/www.homepure.de\/fr\/a-propos-de-nous\/","name":"\u00c0 propos de nous - HomePure","isPartOf":{"@id":"https:\/\/www.homepure.de\/fr\/#website"},"primaryImageOfPage":{"@id":"https:\/\/www.homepure.de\/fr\/a-propos-de-nous\/#primaryimage"},"image":{"@id":"https:\/\/www.homepure.de\/fr\/a-propos-de-nous\/#primaryimage"},"thumbnailUrl":"https:\/\/www.homepure.de\/wp-content\/uploads\/2025\/05\/cropped-favicon.png","datePublished":"2025-05-24T10:44:03+00:00","dateModified":"2025-06-15T11:18:59+00:00","breadcrumb":{"@id":"https:\/\/www.homepure.de\/fr\/a-propos-de-nous\/#breadcrumb"},"inLanguage":"fr-FR","potentialAction":[{"@type":"ReadAction","target":["https:\/\/www.homepure.de\/fr\/a-propos-de-nous\/"]}]},{"@type":"ImageObject","inLanguage":"fr-FR","@id":"https:\/\/www.homepure.de\/fr\/a-propos-de-nous\/#primaryimage","url":"https:\/\/www.homepure.de\/wp-content\/uploads\/2025\/05\/cropped-favicon.png","contentUrl":"https:\/\/www.homepure.de\/wp-content\/uploads\/2025\/05\/cropped-favicon.png","width":512,"height":512,"caption":"Home Pure ist eine Marke von QN Europe"},{"@type":"BreadcrumbList","@id":"https:\/\/www.homepure.de\/fr\/a-propos-de-nous\/#breadcrumb","itemListElement":[{"@type":"ListItem","position":1,"name":"Startseite","item":"https:\/\/www.homepure.de\/fr\/"},{"@type":"ListItem","position":2,"name":"\u00c0 propos de nous"}]},{"@type":"WebSite","@id":"https:\/\/www.homepure.de\/fr\/#website","url":"https:\/\/www.homepure.de\/fr\/","name":"HomePure","description":"Zertifizierte Luftfilter und Wasserfilter f\u00fcr zuhause","publisher":{"@id":"https:\/\/www.homepure.de\/fr\/#organization"},"potentialAction":[{"@type":"SearchAction","target":{"@type":"EntryPoint","urlTemplate":"https:\/\/www.homepure.de\/fr\/?s={search_term_string}"},"query-input":{"@type":"PropertyValueSpecification","valueRequired":true,"valueName":"search_term_string"}}],"inLanguage":"fr-FR"},{"@type":"Organization","@id":"https:\/\/www.homepure.de\/fr\/#organization","name":"HomePure","url":"https:\/\/www.homepure.de\/fr\/","logo":{"@type":"ImageObject","inLanguage":"fr-FR","@id":"https:\/\/www.homepure.de\/fr\/#\/schema\/logo\/image\/","url":"https:\/\/www.homepure.de\/wp-content\/uploads\/2025\/05\/cropped-homepurelogo.webp","contentUrl":"https:\/\/www.homepure.de\/wp-content\/uploads\/2025\/05\/cropped-homepurelogo.webp","width":350,"height":55,"caption":"HomePure"},"image":{"@id":"https:\/\/www.homepure.de\/fr\/#\/schema\/logo\/image\/"}}]}},"_links":{"self":[{"href":"https:\/\/www.homepure.de\/fr\/wp-json\/wp\/v2\/pages\/2746","targetHints":{"allow":["GET"]}}],"collection":[{"href":"https:\/\/www.homepure.de\/fr\/wp-json\/wp\/v2\/pages"}],"about":[{"href":"https:\/\/www.homepure.de\/fr\/wp-json\/wp\/v2\/types\/page"}],"author":[{"embeddable":true,"href":"https:\/\/www.homepure.de\/fr\/wp-json\/wp\/v2\/users\/1"}],"replies":[{"embeddable":true,"href":"https:\/\/www.homepure.de\/fr\/wp-json\/wp\/v2\/comments?post=2746"}],"version-history":[{"count":7,"href":"https:\/\/www.homepure.de\/fr\/wp-json\/wp\/v2\/pages\/2746\/revisions"}],"predecessor-version":[{"id":3042,"href":"https:\/\/www.homepure.de\/fr\/wp-json\/wp\/v2\/pages\/2746\/revisions\/3042"}],"wp:featuredmedia":[{"embeddable":true,"href":"https:\/\/www.homepure.de\/fr\/wp-json\/wp\/v2\/media\/2434"}],"wp:attachment":[{"href":"https:\/\/www.homepure.de\/fr\/wp-json\/wp\/v2\/media?parent=2746"}],"curies":[{"name":"wp","href":"https:\/\/api.w.org\/{rel}","templated":true}]}}