{"id":2739,"date":"2025-05-24T12:44:03","date_gmt":"2025-05-24T10:44:03","guid":{"rendered":"https:\/\/www.homepure.de\/sobre-nosotros\/"},"modified":"2025-06-15T13:20:39","modified_gmt":"2025-06-15T11:20:39","slug":"sobre-nosotros","status":"publish","type":"page","link":"https:\/\/www.homepure.de\/es\/sobre-nosotros\/","title":{"rendered":"Sobre nosotros"},"content":{"rendered":"\t\t<div data-elementor-type=\"wp-page\" data-elementor-id=\"2739\" class=\"elementor elementor-2739 elementor-22\" data-elementor-post-type=\"page\">\n\t\t\t\t<div class=\"elementor-element elementor-element-12b6088 e-flex e-con-boxed e-con e-parent\" data-id=\"12b6088\" data-element_type=\"container\" data-e-type=\"container\" data-settings=\"{&quot;background_background&quot;:&quot;classic&quot;}\">\n\t\t\t\t\t<div class=\"e-con-inner\">\n\t\t\t\t<div class=\"elementor-element elementor-element-818c4e4 elementor-widget elementor-widget-spacer\" data-id=\"818c4e4\" data-element_type=\"widget\" data-e-type=\"widget\" data-widget_type=\"spacer.default\">\n\t\t\t\t\t\t\t<div class=\"elementor-spacer\">\n\t\t\t<div class=\"elementor-spacer-inner\"><\/div>\n\t\t<\/div>\n\t\t\t\t\t\t<\/div>\n\t\t\t\t\t<\/div>\n\t\t\t\t<\/div>\n\t\t<div class=\"elementor-element elementor-element-01e8fc4 e-flex e-con-boxed e-con e-parent\" data-id=\"01e8fc4\" data-element_type=\"container\" data-e-type=\"container\" data-settings=\"{&quot;background_background&quot;:&quot;classic&quot;}\">\n\t\t\t\t\t<div class=\"e-con-inner\">\n\t\t<div class=\"elementor-element elementor-element-633f8f4 e-grid e-con-boxed e-con e-child\" data-id=\"633f8f4\" data-element_type=\"container\" data-e-type=\"container\">\n\t\t\t\t\t<div class=\"e-con-inner\">\n\t\t<div class=\"elementor-element elementor-element-09b67b5 e-con-full animated-fast e-flex elementor-invisible e-con e-child\" data-id=\"09b67b5\" data-element_type=\"container\" data-e-type=\"container\" data-settings=\"{&quot;animation&quot;:&quot;fadeIn&quot;,&quot;animation_delay&quot;:500,&quot;animation_tablet&quot;:&quot;none&quot;}\">\n\t\t\t\t<div class=\"elementor-element elementor-element-41a00e9 elementor-widget__width-initial elementor-widget-mobile__width-inherit elementor-widget-tablet__width-inherit elementor-widget elementor-widget-heading\" data-id=\"41a00e9\" data-element_type=\"widget\" data-e-type=\"widget\" data-widget_type=\"heading.default\">\n\t\t\t\t\t<h1 class=\"elementor-heading-title elementor-size-default\">Homepure es una marca de QN Europe.<\/h1>\t\t\t\t<\/div>\n\t\t\t\t<div class=\"elementor-element elementor-element-887f7d2 elementor-widget__width-initial elementor-widget elementor-widget-text-editor\" data-id=\"887f7d2\" data-element_type=\"widget\" data-e-type=\"widget\" data-widget_type=\"text-editor.default\">\n\t\t\t\t\t\t\t\t\t<p>QN Europe es una empresa joven que se fund\u00f3 en 2014 y desde entonces no ha dejado de crecer en el mercado europeo. Nuestra misi\u00f3n es ofrecer a personas ambiciosas una oportunidad realista de ganarse la vida mediante la distribuci\u00f3n de nuestros productos. Adem\u00e1s de una formaci\u00f3n \u00fanica, ofrecemos una amplia cartera de productos de alta calidad, ya lanzados con \u00e9xito, destinados a mejorar la calidad de vida:<\/p>\t\t\t\t\t\t\t\t<\/div>\n\t\t\t\t<\/div>\n\t\t<div class=\"elementor-element elementor-element-fa103fc e-grid e-con-full e-con e-child\" data-id=\"fa103fc\" data-element_type=\"container\" data-e-type=\"container\">\n\t\t<div class=\"elementor-element elementor-element-089d5d6 e-grid e-con-full animated-fast elementor-invisible e-con e-child\" data-id=\"089d5d6\" data-element_type=\"container\" data-e-type=\"container\" data-settings=\"{&quot;animation&quot;:&quot;fadeIn&quot;,&quot;animation_delay&quot;:750,&quot;animation_tablet&quot;:&quot;none&quot;}\">\n\t\t<div class=\"elementor-element elementor-element-3ab63e1 e-con-full e-flex e-con e-child\" data-id=\"3ab63e1\" data-element_type=\"container\" data-e-type=\"container\">\n\t\t\t\t<div class=\"elementor-element elementor-element-e3a8102 elementor-widget elementor-widget-image\" data-id=\"e3a8102\" data-element_type=\"widget\" data-e-type=\"widget\" data-widget_type=\"image.default\">\n\t\t\t\t\t\t\t\t\t\t\t\t\t\t\t<img fetchpriority=\"high\" decoding=\"async\" width=\"500\" height=\"358\" src=\"https:\/\/www.homepure.de\/wp-content\/uploads\/uberuns7.webp\" class=\"attachment-full size-full wp-image-3033\" alt=\"Home Pure\" srcset=\"https:\/\/www.homepure.de\/wp-content\/uploads\/uberuns7.webp 500w, https:\/\/www.homepure.de\/wp-content\/uploads\/uberuns7-300x215.webp 300w\" sizes=\"(max-width: 500px) 100vw, 500px\" \/>\t\t\t\t\t\t\t\t\t\t\t\t\t\t\t<\/div>\n\t\t\t\t<div class=\"elementor-element elementor-element-6302215 elementor-widget elementor-widget-icon-box\" data-id=\"6302215\" data-element_type=\"widget\" data-e-type=\"widget\" data-widget_type=\"icon-box.default\">\n\t\t\t\t\t\t\t<div class=\"elementor-icon-box-wrapper\">\n\n\t\t\t\n\t\t\t\t\t\t<div class=\"elementor-icon-box-content\">\n\n\t\t\t\t\t\t\t\t\t<h2 class=\"elementor-icon-box-title\">\n\t\t\t\t\t\t<a href=\"https:\/\/www.homepure.com\/\" target=\"_blank\" >\n\t\t\t\t\t\t\tHome Pure\t\t\t\t\t\t<\/a>\n\t\t\t\t\t<\/h2>\n\t\t\t\t\n\t\t\t\t\n\t\t\t<\/div>\n\t\t\t\n\t\t<\/div>\n\t\t\t\t\t\t<\/div>\n\t\t\t\t<\/div>\n\t\t<div class=\"elementor-element elementor-element-2ccc436 e-con-full e-flex e-con e-child\" data-id=\"2ccc436\" data-element_type=\"container\" data-e-type=\"container\">\n\t\t\t\t<div class=\"elementor-element elementor-element-7ff3d3e elementor-widget elementor-widget-image\" data-id=\"7ff3d3e\" data-element_type=\"widget\" data-e-type=\"widget\" data-widget_type=\"image.default\">\n\t\t\t\t\t\t\t\t\t\t\t\t\t\t\t<img decoding=\"async\" width=\"500\" height=\"358\" src=\"https:\/\/www.homepure.de\/wp-content\/uploads\/uberuns3.webp\" class=\"attachment-full size-full wp-image-2464\" alt=\"Bernhard H.Mayer\" srcset=\"https:\/\/www.homepure.de\/wp-content\/uploads\/uberuns3.webp 500w, https:\/\/www.homepure.de\/wp-content\/uploads\/uberuns3-300x215.webp 300w\" sizes=\"(max-width: 500px) 100vw, 500px\" \/>\t\t\t\t\t\t\t\t\t\t\t\t\t\t\t<\/div>\n\t\t\t\t<div class=\"elementor-element elementor-element-9d2d051 elementor-widget elementor-widget-icon-box\" data-id=\"9d2d051\" data-element_type=\"widget\" data-e-type=\"widget\" data-widget_type=\"icon-box.default\">\n\t\t\t\t\t\t\t<div class=\"elementor-icon-box-wrapper\">\n\n\t\t\t\n\t\t\t\t\t\t<div class=\"elementor-icon-box-content\">\n\n\t\t\t\t\t\t\t\t\t<h2 class=\"elementor-icon-box-title\">\n\t\t\t\t\t\t<a href=\"https:\/\/bernhardhmayer.com\/\" target=\"_blank\" >\n\t\t\t\t\t\t\tBernhard H. Mayer\t\t\t\t\t\t<\/a>\n\t\t\t\t\t<\/h2>\n\t\t\t\t\n\t\t\t\t\n\t\t\t<\/div>\n\t\t\t\n\t\t<\/div>\n\t\t\t\t\t\t<\/div>\n\t\t\t\t<\/div>\n\t\t\t\t<div class=\"elementor-element elementor-element-122e989 elementor-widget elementor-widget-image\" data-id=\"122e989\" data-element_type=\"widget\" data-e-type=\"widget\" data-widget_type=\"image.default\">\n\t\t\t\t\t\t\t\t\t\t\t\t\t\t\t<img decoding=\"async\" width=\"500\" height=\"358\" src=\"https:\/\/www.homepure.de\/wp-content\/uploads\/uberuns4.webp\" class=\"attachment-full size-full wp-image-2468\" alt=\"Amezcua\" srcset=\"https:\/\/www.homepure.de\/wp-content\/uploads\/uberuns4.webp 500w, https:\/\/www.homepure.de\/wp-content\/uploads\/uberuns4-300x215.webp 300w\" sizes=\"(max-width: 500px) 100vw, 500px\" \/>\t\t\t\t\t\t\t\t\t\t\t\t\t\t\t<\/div>\n\t\t\t\t<div class=\"elementor-element elementor-element-110c3cb elementor-widget elementor-widget-icon-box\" data-id=\"110c3cb\" data-element_type=\"widget\" data-e-type=\"widget\" data-widget_type=\"icon-box.default\">\n\t\t\t\t\t\t\t<div class=\"elementor-icon-box-wrapper\">\n\n\t\t\t\n\t\t\t\t\t\t<div class=\"elementor-icon-box-content\">\n\n\t\t\t\t\t\t\t\t\t<h2 class=\"elementor-icon-box-title\">\n\t\t\t\t\t\t<span  >\n\t\t\t\t\t\t\tAmezcua\t\t\t\t\t\t<\/span>\n\t\t\t\t\t<\/h2>\n\t\t\t\t\n\t\t\t\t\n\t\t\t<\/div>\n\t\t\t\n\t\t<\/div>\n\t\t\t\t\t\t<\/div>\n\t\t\t\t<\/div>\n\t\t<div class=\"elementor-element elementor-element-da04d57 e-grid e-con-full animated-fast elementor-invisible e-con e-child\" data-id=\"da04d57\" data-element_type=\"container\" data-e-type=\"container\" data-settings=\"{&quot;animation&quot;:&quot;fadeIn&quot;,&quot;animation_delay&quot;:1000,&quot;animation_tablet&quot;:&quot;none&quot;}\">\n\t\t<div class=\"elementor-element elementor-element-2518891 e-con-full e-flex e-con e-child\" data-id=\"2518891\" data-element_type=\"container\" data-e-type=\"container\">\n\t\t\t\t<div class=\"elementor-element elementor-element-90c2965 elementor-widget elementor-widget-image\" data-id=\"90c2965\" data-element_type=\"widget\" data-e-type=\"widget\" data-widget_type=\"image.default\">\n\t\t\t\t\t\t\t\t\t\t\t\t\t\t\t<img loading=\"lazy\" decoding=\"async\" width=\"575\" height=\"658\" src=\"https:\/\/www.homepure.de\/wp-content\/uploads\/uberuns1.webp\" class=\"attachment-full size-full wp-image-2456\" alt=\"Physio Radiance\" srcset=\"https:\/\/www.homepure.de\/wp-content\/uploads\/uberuns1.webp 575w, https:\/\/www.homepure.de\/wp-content\/uploads\/uberuns1-262x300.webp 262w\" sizes=\"(max-width: 575px) 100vw, 575px\" \/>\t\t\t\t\t\t\t\t\t\t\t\t\t\t\t<\/div>\n\t\t\t\t<div class=\"elementor-element elementor-element-bb78d80 elementor-widget elementor-widget-icon-box\" data-id=\"bb78d80\" data-element_type=\"widget\" data-e-type=\"widget\" data-widget_type=\"icon-box.default\">\n\t\t\t\t\t\t\t<div class=\"elementor-icon-box-wrapper\">\n\n\t\t\t\n\t\t\t\t\t\t<div class=\"elementor-icon-box-content\">\n\n\t\t\t\t\t\t\t\t\t<h2 class=\"elementor-icon-box-title\">\n\t\t\t\t\t\t<a href=\"https:\/\/physioradiance.de\/\" target=\"_blank\" >\n\t\t\t\t\t\t\tPhysio Radiance\t\t\t\t\t\t<\/a>\n\t\t\t\t\t<\/h2>\n\t\t\t\t\n\t\t\t\t\n\t\t\t<\/div>\n\t\t\t\n\t\t<\/div>\n\t\t\t\t\t\t<\/div>\n\t\t\t\t<\/div>\n\t\t<div class=\"elementor-element elementor-element-7c0d392 e-con-full e-flex e-con e-child\" data-id=\"7c0d392\" data-element_type=\"container\" data-e-type=\"container\">\n\t\t\t\t<div class=\"elementor-element elementor-element-b48f5b0 elementor-widget elementor-widget-image\" data-id=\"b48f5b0\" data-element_type=\"widget\" data-e-type=\"widget\" data-widget_type=\"image.default\">\n\t\t\t\t\t\t\t\t\t\t\t\t\t\t\t<img loading=\"lazy\" decoding=\"async\" width=\"575\" height=\"658\" src=\"https:\/\/www.homepure.de\/wp-content\/uploads\/uberuns2.webp\" class=\"attachment-full size-full wp-image-2460\" alt=\"LifeCode\" srcset=\"https:\/\/www.homepure.de\/wp-content\/uploads\/uberuns2.webp 575w, https:\/\/www.homepure.de\/wp-content\/uploads\/uberuns2-262x300.webp 262w\" sizes=\"(max-width: 575px) 100vw, 575px\" \/>\t\t\t\t\t\t\t\t\t\t\t\t\t\t\t<\/div>\n\t\t\t\t<div class=\"elementor-element elementor-element-cf0978b elementor-widget elementor-widget-icon-box\" data-id=\"cf0978b\" data-element_type=\"widget\" data-e-type=\"widget\" data-widget_type=\"icon-box.default\">\n\t\t\t\t\t\t\t<div class=\"elementor-icon-box-wrapper\">\n\n\t\t\t\n\t\t\t\t\t\t<div class=\"elementor-icon-box-content\">\n\n\t\t\t\t\t\t\t\t\t<h2 class=\"elementor-icon-box-title\">\n\t\t\t\t\t\t<a href=\"https:\/\/lifeqode.de\/\" target=\"_blank\" >\n\t\t\t\t\t\t\tLifeQode\t\t\t\t\t\t<\/a>\n\t\t\t\t\t<\/h2>\n\t\t\t\t\n\t\t\t\t\n\t\t\t<\/div>\n\t\t\t\n\t\t<\/div>\n\t\t\t\t\t\t<\/div>\n\t\t\t\t<\/div>\n\t\t\t\t<\/div>\n\t\t\t\t<\/div>\n\t\t\t\t\t<\/div>\n\t\t\t\t<\/div>\n\t\t\t\t\t<\/div>\n\t\t\t\t<\/div>\n\t\t<div class=\"elementor-element elementor-element-3f854c49 e-flex e-con-boxed e-con e-parent\" data-id=\"3f854c49\" data-element_type=\"container\" data-e-type=\"container\" data-settings=\"{&quot;background_background&quot;:&quot;classic&quot;}\">\n\t\t\t\t\t<div class=\"e-con-inner\">\n\t\t<div class=\"elementor-element elementor-element-19c629b1 e-flex e-con-boxed e-con e-child\" data-id=\"19c629b1\" data-element_type=\"container\" data-e-type=\"container\">\n\t\t\t\t\t<div class=\"e-con-inner\">\n\t\t\t\t<div class=\"elementor-element elementor-element-cf13ee0 elementor-widget__width-initial animated-fast elementor-invisible elementor-widget elementor-widget-heading\" data-id=\"cf13ee0\" data-element_type=\"widget\" data-e-type=\"widget\" data-settings=\"{&quot;_animation&quot;:&quot;fadeIn&quot;,&quot;_animation_delay&quot;:250,&quot;_animation_tablet&quot;:&quot;none&quot;}\" data-widget_type=\"heading.default\">\n\t\t\t\t\t<h2 class=\"elementor-heading-title elementor-size-default\">Estamos abriendo nuevos caminos: \u00fanete a nosotros y descubre tu potencial.<\/h2>\t\t\t\t<\/div>\n\t\t<div class=\"elementor-element elementor-element-bb643e1 e-grid e-con-full e-con e-child\" data-id=\"bb643e1\" data-element_type=\"container\" data-e-type=\"container\">\n\t\t\t\t<div class=\"elementor-element elementor-element-773ba549 animated-fast elementor-invisible elementor-widget elementor-widget-text-editor\" data-id=\"773ba549\" data-element_type=\"widget\" data-e-type=\"widget\" data-settings=\"{&quot;_animation&quot;:&quot;fadeIn&quot;,&quot;_animation_delay&quot;:250,&quot;_animation_tablet&quot;:&quot;none&quot;}\" data-widget_type=\"text-editor.default\">\n\t\t\t\t\t\t\t\t\t<p>\u00bfHas pensado alguna vez en obtener ingresos adicionales o incluso en hacerte aut\u00f3nomo? \u00bfTe gustar\u00eda experimentar m\u00e1s libertad, autodeterminaci\u00f3n e independencia econ\u00f3mica? <\/p><p>\u00a1Te mostraremos c\u00f3mo puedes hacerlo!<\/p><p>QN Europe se considera un socio para todos aquellos que quieren despertar y desarrollar su potencial personal para tomar su futuro en sus manos. La edad, la educaci\u00f3n, los antecedentes o los conocimientos previos son irrelevantes. El \u00e9xito lo puede alcanzar cualquiera que est\u00e9 dispuesto a hacer algo al respecto, sobre todo a aprender algo.  <\/p><p>En nuestra Academia, te ofrecemos un programa de formaci\u00f3n en profundidad, \u00fanico en el mundo, que dar\u00e1 rienda suelta a tus habilidades latentes y te ayudar\u00e1 a alcanzar nuevas cotas, tanto si eres un reci\u00e9n llegado como si ya trabajas en la red. \u00a1Te mostraremos de lo que eres realmente capaz! <\/p>\t\t\t\t\t\t\t\t<\/div>\n\t\t\t\t<div class=\"elementor-element elementor-element-16a05a2 animated-fast elementor-invisible elementor-widget elementor-widget-text-editor\" data-id=\"16a05a2\" data-element_type=\"widget\" data-e-type=\"widget\" data-settings=\"{&quot;_animation&quot;:&quot;fadeIn&quot;,&quot;_animation_delay&quot;:450,&quot;_animation_tablet&quot;:&quot;none&quot;}\" data-widget_type=\"text-editor.default\">\n\t\t\t\t\t\t\t\t\t<p>Te proporcionamos conocimientos empresariales probados y productos de primera clase, y te invitamos a formar parte de nuestra apasionada comunidad que te apoyar\u00e1 en tu camino hacia el \u00e9xito.<\/p><p>Consideramos que tu desarrollo empresarial, profesional y personal es nuestra misi\u00f3n, y por eso abrimos nuevos caminos para apoyarte en tu viaje. Las numerosas historias de \u00e9xito de los miembros de nuestra comunidad especial demuestran cada d\u00eda de nuevo que cumplimos nuestra misi\u00f3n de forma sostenible. <\/p><p>Te invitamos cordialmente a que nos conozcas y te informes sobre las oportunidades que te esperan en <a href=\"https:\/\/qneurope.com\/\">QN Europe<\/a>.<\/p><p><a href=\"https:\/\/www.homepure.de\/es\/contacta-con-nosotros\/\">Ponte en contacto con nosotros<\/a> y descubre lo f\u00e1cil que es formar parte de nuestro equipo.<\/p>\t\t\t\t\t\t\t\t<\/div>\n\t\t\t\t<\/div>\n\t\t\t\t\t<\/div>\n\t\t\t\t<\/div>\n\t\t\t\t\t<\/div>\n\t\t\t\t<\/div>\n\t\t\t\t<\/div>\n\t\t","protected":false},"excerpt":{"rendered":"<p>Homepure es una marca de QN Europe. QN Europe es una empresa joven que se fund\u00f3 en 2014 y desde entonces no ha dejado de crecer en el mercado europeo. Nuestra misi\u00f3n es ofrecer a personas ambiciosas una oportunidad realista de ganarse la vida mediante la distribuci\u00f3n de nuestros productos. Adem\u00e1s de una formaci\u00f3n \u00fanica, [&hellip;]<\/p>\n","protected":false},"author":1,"featured_media":2436,"parent":0,"menu_order":0,"comment_status":"closed","ping_status":"closed","template":"elementor_header_footer","meta":{"footnotes":""},"class_list":["post-2739","page","type-page","status-publish","has-post-thumbnail","hentry"],"yoast_head":"<!-- This site is optimized with the Yoast SEO plugin v27.5 - https:\/\/yoast.com\/product\/yoast-seo-wordpress\/ -->\n<title>Sobre nosotros - HomePure<\/title>\n<meta name=\"robots\" content=\"index, follow, max-snippet:-1, max-image-preview:large, max-video-preview:-1\" \/>\n<link rel=\"canonical\" href=\"https:\/\/www.homepure.de\/es\/sobre-nosotros\/\" \/>\n<meta property=\"og:locale\" content=\"es_ES\" \/>\n<meta property=\"og:type\" content=\"article\" \/>\n<meta property=\"og:title\" content=\"Sobre nosotros - HomePure\" \/>\n<meta property=\"og:description\" content=\"Homepure es una marca de QN Europe. QN Europe es una empresa joven que se fund\u00f3 en 2014 y desde entonces no ha dejado de crecer en el mercado europeo. Nuestra misi\u00f3n es ofrecer a personas ambiciosas una oportunidad realista de ganarse la vida mediante la distribuci\u00f3n de nuestros productos. Adem\u00e1s de una formaci\u00f3n \u00fanica, [&hellip;]\" \/>\n<meta property=\"og:url\" content=\"https:\/\/www.homepure.de\/es\/sobre-nosotros\/\" \/>\n<meta property=\"og:site_name\" content=\"HomePure\" \/>\n<meta property=\"article:modified_time\" content=\"2025-06-15T11:20:39+00:00\" \/>\n<meta property=\"og:image\" content=\"https:\/\/www.homepure.de\/wp-content\/uploads\/2025\/05\/cropped-favicon.png\" \/>\n\t<meta property=\"og:image:width\" content=\"512\" \/>\n\t<meta property=\"og:image:height\" content=\"512\" \/>\n\t<meta property=\"og:image:type\" content=\"image\/png\" \/>\n<meta name=\"twitter:card\" content=\"summary_large_image\" \/>\n<meta name=\"twitter:label1\" content=\"Tiempo de lectura\" \/>\n\t<meta name=\"twitter:data1\" content=\"2 minutos\" \/>\n<script type=\"application\/ld+json\" class=\"yoast-schema-graph\">{\"@context\":\"https:\\\/\\\/schema.org\",\"@graph\":[{\"@type\":\"WebPage\",\"@id\":\"https:\\\/\\\/www.homepure.de\\\/es\\\/sobre-nosotros\\\/\",\"url\":\"https:\\\/\\\/www.homepure.de\\\/es\\\/sobre-nosotros\\\/\",\"name\":\"Sobre nosotros - HomePure\",\"isPartOf\":{\"@id\":\"https:\\\/\\\/www.homepure.de\\\/es\\\/#website\"},\"primaryImageOfPage\":{\"@id\":\"https:\\\/\\\/www.homepure.de\\\/es\\\/sobre-nosotros\\\/#primaryimage\"},\"image\":{\"@id\":\"https:\\\/\\\/www.homepure.de\\\/es\\\/sobre-nosotros\\\/#primaryimage\"},\"thumbnailUrl\":\"https:\\\/\\\/www.homepure.de\\\/wp-content\\\/uploads\\\/2025\\\/05\\\/cropped-favicon.png\",\"datePublished\":\"2025-05-24T10:44:03+00:00\",\"dateModified\":\"2025-06-15T11:20:39+00:00\",\"breadcrumb\":{\"@id\":\"https:\\\/\\\/www.homepure.de\\\/es\\\/sobre-nosotros\\\/#breadcrumb\"},\"inLanguage\":\"es\",\"potentialAction\":[{\"@type\":\"ReadAction\",\"target\":[\"https:\\\/\\\/www.homepure.de\\\/es\\\/sobre-nosotros\\\/\"]}]},{\"@type\":\"ImageObject\",\"inLanguage\":\"es\",\"@id\":\"https:\\\/\\\/www.homepure.de\\\/es\\\/sobre-nosotros\\\/#primaryimage\",\"url\":\"https:\\\/\\\/www.homepure.de\\\/wp-content\\\/uploads\\\/2025\\\/05\\\/cropped-favicon.png\",\"contentUrl\":\"https:\\\/\\\/www.homepure.de\\\/wp-content\\\/uploads\\\/2025\\\/05\\\/cropped-favicon.png\",\"width\":512,\"height\":512,\"caption\":\"Home Pure ist eine Marke von QN Europe\"},{\"@type\":\"BreadcrumbList\",\"@id\":\"https:\\\/\\\/www.homepure.de\\\/es\\\/sobre-nosotros\\\/#breadcrumb\",\"itemListElement\":[{\"@type\":\"ListItem\",\"position\":1,\"name\":\"Startseite\",\"item\":\"https:\\\/\\\/www.homepure.de\\\/es\\\/\"},{\"@type\":\"ListItem\",\"position\":2,\"name\":\"Sobre nosotros\"}]},{\"@type\":\"WebSite\",\"@id\":\"https:\\\/\\\/www.homepure.de\\\/es\\\/#website\",\"url\":\"https:\\\/\\\/www.homepure.de\\\/es\\\/\",\"name\":\"HomePure\",\"description\":\"Zertifizierte Luftfilter und Wasserfilter f\u00fcr zuhause\",\"publisher\":{\"@id\":\"https:\\\/\\\/www.homepure.de\\\/es\\\/#organization\"},\"potentialAction\":[{\"@type\":\"SearchAction\",\"target\":{\"@type\":\"EntryPoint\",\"urlTemplate\":\"https:\\\/\\\/www.homepure.de\\\/es\\\/?s={search_term_string}\"},\"query-input\":{\"@type\":\"PropertyValueSpecification\",\"valueRequired\":true,\"valueName\":\"search_term_string\"}}],\"inLanguage\":\"es\"},{\"@type\":\"Organization\",\"@id\":\"https:\\\/\\\/www.homepure.de\\\/es\\\/#organization\",\"name\":\"HomePure\",\"url\":\"https:\\\/\\\/www.homepure.de\\\/es\\\/\",\"logo\":{\"@type\":\"ImageObject\",\"inLanguage\":\"es\",\"@id\":\"https:\\\/\\\/www.homepure.de\\\/es\\\/#\\\/schema\\\/logo\\\/image\\\/\",\"url\":\"https:\\\/\\\/www.homepure.de\\\/wp-content\\\/uploads\\\/2025\\\/05\\\/cropped-homepurelogo.webp\",\"contentUrl\":\"https:\\\/\\\/www.homepure.de\\\/wp-content\\\/uploads\\\/2025\\\/05\\\/cropped-homepurelogo.webp\",\"width\":350,\"height\":55,\"caption\":\"HomePure\"},\"image\":{\"@id\":\"https:\\\/\\\/www.homepure.de\\\/es\\\/#\\\/schema\\\/logo\\\/image\\\/\"}}]}<\/script>\n<!-- \/ Yoast SEO plugin. -->","yoast_head_json":{"title":"Sobre nosotros - HomePure","robots":{"index":"index","follow":"follow","max-snippet":"max-snippet:-1","max-image-preview":"max-image-preview:large","max-video-preview":"max-video-preview:-1"},"canonical":"https:\/\/www.homepure.de\/es\/sobre-nosotros\/","og_locale":"es_ES","og_type":"article","og_title":"Sobre nosotros - HomePure","og_description":"Homepure es una marca de QN Europe. QN Europe es una empresa joven que se fund\u00f3 en 2014 y desde entonces no ha dejado de crecer en el mercado europeo. Nuestra misi\u00f3n es ofrecer a personas ambiciosas una oportunidad realista de ganarse la vida mediante la distribuci\u00f3n de nuestros productos. Adem\u00e1s de una formaci\u00f3n \u00fanica, [&hellip;]","og_url":"https:\/\/www.homepure.de\/es\/sobre-nosotros\/","og_site_name":"HomePure","article_modified_time":"2025-06-15T11:20:39+00:00","og_image":[{"width":512,"height":512,"url":"https:\/\/www.homepure.de\/wp-content\/uploads\/2025\/05\/cropped-favicon.png","type":"image\/png"}],"twitter_card":"summary_large_image","twitter_misc":{"Tiempo de lectura":"2 minutos"},"schema":{"@context":"https:\/\/schema.org","@graph":[{"@type":"WebPage","@id":"https:\/\/www.homepure.de\/es\/sobre-nosotros\/","url":"https:\/\/www.homepure.de\/es\/sobre-nosotros\/","name":"Sobre nosotros - HomePure","isPartOf":{"@id":"https:\/\/www.homepure.de\/es\/#website"},"primaryImageOfPage":{"@id":"https:\/\/www.homepure.de\/es\/sobre-nosotros\/#primaryimage"},"image":{"@id":"https:\/\/www.homepure.de\/es\/sobre-nosotros\/#primaryimage"},"thumbnailUrl":"https:\/\/www.homepure.de\/wp-content\/uploads\/2025\/05\/cropped-favicon.png","datePublished":"2025-05-24T10:44:03+00:00","dateModified":"2025-06-15T11:20:39+00:00","breadcrumb":{"@id":"https:\/\/www.homepure.de\/es\/sobre-nosotros\/#breadcrumb"},"inLanguage":"es","potentialAction":[{"@type":"ReadAction","target":["https:\/\/www.homepure.de\/es\/sobre-nosotros\/"]}]},{"@type":"ImageObject","inLanguage":"es","@id":"https:\/\/www.homepure.de\/es\/sobre-nosotros\/#primaryimage","url":"https:\/\/www.homepure.de\/wp-content\/uploads\/2025\/05\/cropped-favicon.png","contentUrl":"https:\/\/www.homepure.de\/wp-content\/uploads\/2025\/05\/cropped-favicon.png","width":512,"height":512,"caption":"Home Pure ist eine Marke von QN Europe"},{"@type":"BreadcrumbList","@id":"https:\/\/www.homepure.de\/es\/sobre-nosotros\/#breadcrumb","itemListElement":[{"@type":"ListItem","position":1,"name":"Startseite","item":"https:\/\/www.homepure.de\/es\/"},{"@type":"ListItem","position":2,"name":"Sobre nosotros"}]},{"@type":"WebSite","@id":"https:\/\/www.homepure.de\/es\/#website","url":"https:\/\/www.homepure.de\/es\/","name":"HomePure","description":"Zertifizierte Luftfilter und Wasserfilter f\u00fcr zuhause","publisher":{"@id":"https:\/\/www.homepure.de\/es\/#organization"},"potentialAction":[{"@type":"SearchAction","target":{"@type":"EntryPoint","urlTemplate":"https:\/\/www.homepure.de\/es\/?s={search_term_string}"},"query-input":{"@type":"PropertyValueSpecification","valueRequired":true,"valueName":"search_term_string"}}],"inLanguage":"es"},{"@type":"Organization","@id":"https:\/\/www.homepure.de\/es\/#organization","name":"HomePure","url":"https:\/\/www.homepure.de\/es\/","logo":{"@type":"ImageObject","inLanguage":"es","@id":"https:\/\/www.homepure.de\/es\/#\/schema\/logo\/image\/","url":"https:\/\/www.homepure.de\/wp-content\/uploads\/2025\/05\/cropped-homepurelogo.webp","contentUrl":"https:\/\/www.homepure.de\/wp-content\/uploads\/2025\/05\/cropped-homepurelogo.webp","width":350,"height":55,"caption":"HomePure"},"image":{"@id":"https:\/\/www.homepure.de\/es\/#\/schema\/logo\/image\/"}}]}},"_links":{"self":[{"href":"https:\/\/www.homepure.de\/es\/wp-json\/wp\/v2\/pages\/2739","targetHints":{"allow":["GET"]}}],"collection":[{"href":"https:\/\/www.homepure.de\/es\/wp-json\/wp\/v2\/pages"}],"about":[{"href":"https:\/\/www.homepure.de\/es\/wp-json\/wp\/v2\/types\/page"}],"author":[{"embeddable":true,"href":"https:\/\/www.homepure.de\/es\/wp-json\/wp\/v2\/users\/1"}],"replies":[{"embeddable":true,"href":"https:\/\/www.homepure.de\/es\/wp-json\/wp\/v2\/comments?post=2739"}],"version-history":[{"count":7,"href":"https:\/\/www.homepure.de\/es\/wp-json\/wp\/v2\/pages\/2739\/revisions"}],"predecessor-version":[{"id":3048,"href":"https:\/\/www.homepure.de\/es\/wp-json\/wp\/v2\/pages\/2739\/revisions\/3048"}],"wp:featuredmedia":[{"embeddable":true,"href":"https:\/\/www.homepure.de\/es\/wp-json\/wp\/v2\/media\/2436"}],"wp:attachment":[{"href":"https:\/\/www.homepure.de\/es\/wp-json\/wp\/v2\/media?parent=2739"}],"curies":[{"name":"wp","href":"https:\/\/api.w.org\/{rel}","templated":true}]}}